{"id":66,"date":"2021-03-12T15:09:44","date_gmt":"2021-03-12T14:09:44","guid":{"rendered":"http:\/\/mole-punch.de\/?page_id=66"},"modified":"2021-06-02T23:15:18","modified_gmt":"2021-06-02T21:15:18","slug":"datenschutz","status":"publish","type":"page","link":"https:\/\/mole-punch.de\/en\/datenschutz\/","title":{"rendered":"Datenschutz"},"content":{"rendered":"<div data-elementor-type=\"wp-page\" data-elementor-id=\"66\" class=\"elementor elementor-66\">\n\t\t\t\t\t\t<section class=\"elementor-section elementor-top-section elementor-element elementor-element-89cbb11 elementor-section-boxed elementor-section-height-default elementor-section-height-default\" data-id=\"89cbb11\" data-element_type=\"section\">\n\t\t\t\t\t\t<div class=\"elementor-container elementor-column-gap-default\">\n\t\t\t\t\t<div class=\"elementor-column elementor-col-100 elementor-top-column elementor-element elementor-element-0ee9c63\" data-id=\"0ee9c63\" data-element_type=\"column\">\n\t\t\t<div class=\"elementor-widget-wrap\">\n\t\t\t\t\t\t\t<\/div>\n\t\t<\/div>\n\t\t\t\t\t<\/div>\n\t\t<\/section>\n\t\t\t\t<section class=\"elementor-section elementor-top-section elementor-element elementor-element-490fc79 elementor-section-boxed elementor-section-height-default elementor-section-height-default\" data-id=\"490fc79\" data-element_type=\"section\">\n\t\t\t\t\t\t<div class=\"elementor-container elementor-column-gap-default\">\n\t\t\t\t\t<div class=\"elementor-column elementor-col-100 elementor-top-column elementor-element elementor-element-0a41d50\" data-id=\"0a41d50\" data-element_type=\"column\">\n\t\t\t<div class=\"elementor-widget-wrap elementor-element-populated\">\n\t\t\t\t\t\t<div class=\"elementor-element elementor-element-7650eef elementor-widget elementor-widget-heading\" data-id=\"7650eef\" data-element_type=\"widget\" data-widget_type=\"heading.default\">\n\t\t\t\t<div class=\"elementor-widget-container\">\n\t\t\t<h2 class=\"elementor-heading-title elementor-size-default\">Datenschutz<\/h2>\t\t<\/div>\n\t\t\t\t<\/div>\n\t\t\t\t<div class=\"elementor-element elementor-element-92fce60 elementor-widget elementor-widget-text-editor\" data-id=\"92fce60\" data-element_type=\"widget\" data-widget_type=\"text-editor.default\">\n\t\t\t\t<div class=\"elementor-widget-container\">\n\t\t\t\t\t\t\t<h3>Datenschutz-Grundverordnung (DSGVO)<\/h3><p><strong>Datenschutzerkl\u00e4rung<\/strong><br \/>Wir freuen uns \u00fcber Ihr Interesse an unserer Website. Der Schutz Ihrer Privatsph\u00e4re ist f\u00fcr uns sehr wichtig. Nachstehend informieren wir Sie ausf\u00fchrlich \u00fcber den Umgang mit Ihren Daten nach den neuen Regelungen der neuen EU-Datenschutzverordnung.<\/p><p><strong>Was genau machen wir mit Ihren Daten?<\/strong><br \/>Um eine Bestellung zu bearbeiten und einen Auftrag daraus zu generieren, ben\u00f6tigen wir von Ihnen Auskunft z.B. \u00fcber Namen, Adresse, Telefonnummer und eMail. Diese Daten werden in dem Zusammenhang mit der Bestellung und Rechnungserstellung bei uns gespeichert und m\u00fcssen aus gesetzlichen Gr\u00fcnden 10 Jahre bei uns in Papierform gelagert werden. Solange erhalten wir die Daten auch im Warenwirtschaftssystem, damit im Falle einer gesetzlichen Nachfrage, wir die Unterlagen in Papierform auch wiederfinden k\u00f6nnen. Nach dieser Aufbewahrungsfrist, werden die Unterlagen und die Daten vernichtet, bzw. gel\u00f6scht. Im Warenwirtschaftssystem behalten wir die Daten auf Wunsch gerne l\u00e4nger, falls Sie nach wie vor Bestellungen t\u00e4tigen und Sie als Kunde langfristig gef\u00fchrt werden m\u00f6chten. Denn auch langfristige Kundenbindung ist etwas sehr wichtiges heute und dazu geh\u00f6rt auch die Historie.<br \/>In dieser Zeit machen wir Datenerhebungen, um mit deren Hilfe uns stetig zu verbessern. Diese Statistiken dienen ausschlie\u00dflich internen Zwecken und werden nicht weitergegeben.<br \/>Kundenkonten, die zu keiner Bestellung f\u00fchrten und keinen Newsletter abonniert haben, l\u00f6schen wir nach 3 Jahren oder auf Wunsch auch gerne fr\u00fcher.<br \/>Sollten Sie einen Newsletter abonniert haben, wird Ihre eMail Adresse ausschlie\u00dflich f\u00fcr diesen Newsletter verwendet. Wir verkaufen keine Daten und geben Daten nur dann an Dritte weiter, wenn das unmittelbar mit der Zweckerf\u00fcllung des Gesch\u00e4fts\/Bestellung zu tun hat (z.B. Zahlungsdienstleister, Versandunternehmen, Server-Logfiles, Cookies).<br \/>Zu den einzelnen der genannten Punkten gehen wir daher in den weiteren Abschnitten noch n\u00e4her ein.<\/p><p><strong>Speicherung von Zugriffsdaten in Server-Logfiles<\/strong><br \/>Sie k\u00f6nnen unsere Webseiten besuchen, ohne Angaben zu Ihrer Person zu machen. Wir speichern lediglich Zugriffsdaten in sogenannten Server-Logfiles, wie z.B. den Namen der angeforderten Datei, Datum und Uhrzeit des Abrufs, \u00fcbertragene Datenmenge und den anfragenden Provider. Diese Daten werden ausschlie\u00dflich zur Sicherstellung eines st\u00f6rungsfreien Betriebs der Seite und zur Verbesserung unseres Angebots ausgewertet und erlauben uns keinen R\u00fcckschluss auf Ihre Person. Zust\u00e4ndig hierf\u00fcr ist unser Provider EcomData\u00a0Internetdienstleistungen GmbH (www.ecomdata.de).<\/p><p><strong>Datenerhebung und -verwendung zur Vertragsabwicklung und bei Er\u00f6ffnung eines Kundenkontos<\/strong><br \/>Wir erheben personenbezogene Daten, wenn Sie uns diese im Rahmen Ihrer Bestellung, bei einer Kontaktaufnahme mit uns (z.B. per Kontaktformular oder E-Mail) oder bei Er\u00f6ffnung eines Kundenkontos freiwillig mitteilen. Welche Daten erhoben werden, ist aus den jeweiligen Eingabeformularen ersichtlich. Wir verwenden die von Ihnen mitgeteilten Daten zur Vertragsabwicklung und Bearbeitung Ihrer Anfragen. Nach vollst\u00e4ndiger Abwicklung des Vertrages oder L\u00f6schung Ihres Kundenkontos werden Ihre Daten f\u00fcr die weitere Verwendung gesperrt und nach Ablauf der steuer- und handelsrechtlichen Aufbewahrungsfristen gel\u00f6scht, sofern Sie nicht ausdr\u00fccklich in eine weitere Nutzung Ihrer Daten eingewilligt haben oder wir uns eine dar\u00fcber hinausgehende Datenverwendung vorbehalten, die gesetzlich erlaubt ist und \u00fcber die wir Sie nachstehend informieren. Die L\u00f6schung Ihres Kundenkontos ist jederzeit m\u00f6glich und kann entweder durch eine Nachricht an die unten beschriebene Kontaktm\u00f6glichkeit oder \u00fcber eine daf\u00fcr vorgesehene Funktion im Kundenkonto erfolgen.<\/p><p><strong>Verwendung von Cookies<\/strong><br \/>Um den Besuch unserer Website attraktiv zu gestalten und die Nutzung bestimmter Funktionen zu erm\u00f6glichen, verwenden wir auf verschiedenen Seiten sogenannte Cookies. Hierbei handelt es sich um kleine Textdateien, die auf Ihrem Endger\u00e4t gespeichert werden. Einige der von uns verwendeten Cookies werden nach Ende der Browser-Sitzung, also nach Schlie\u00dfen Ihres Browsers, wieder gel\u00f6scht (sog. Sitzungs-Cookies). Andere Cookies verbleiben auf Ihrem Endger\u00e4t und erm\u00f6glichen uns, Ihren Browser beim n\u00e4chsten Besuch wiederzuerkennen (persistente Cookies). Cookies, die zur Durchf\u00fchrung des elektronischen Kommunikationsvorgangs oder zur Bereitstellung bestimmter, von Ihnen erw\u00fcnschter Funktionen (z.B. Warenkorbfunktion) erforderlich sind, werden auf Grundlage von Art. 6 Abs. 1 lit. f DSGVO gespeichert. Sie k\u00f6nnen Ihren Browser so einstellen, dass Sie \u00fcber das Setzen von Cookies informiert werden und einzeln \u00fcber deren Annahme entscheiden oder die Annahme von Cookies f\u00fcr bestimmte F\u00e4lle oder generell ausschlie\u00dfen. Bei der Nichtannahme von Cookies kann die Funktionalit\u00e4t unserer Website eingeschr\u00e4nkt sein.<\/p><p><strong>Verwendung von Social Plugins von Facebook unter Verwendung der \u201e2-Klick-L\u00f6sung\u201c\u00a0<\/strong><br \/>Auf unserer Website werden sogenannte Social Plugins (\u201ePlugins\u201c) des sozialen Netzwerks Facebook verwendet. Dieser Dienst wird von den Unternehmen Facebook Inc. angeboten (\u201eAnbieter\u201c).<\/p><p>Facebook wird betrieben von der Facebook Inc., 1601 S. California Ave, Palo Alto, CA 94304, USA (\u201cFacebook\u201d). Eine \u00dcbersicht \u00fcber die Plugins von Facebook und deren Aussehen finden Sie hier:\u00a0<a href=\"https:\/\/developers.facebook.com\/docs\/plugins\/\" target=\"_blank\" rel=\"nofollow noopener\">https:\/\/developers.facebook.com\/docs\/plugins\/<\/a><\/p><p>Um den Schutz Ihrer Daten beim Besuch unserer Website zu erh\u00f6hen, sind die Plugins mittels sogenannter \u201e2-Klick-L\u00f6sung\u201c in die Seite eingebunden. Diese Einbindung gew\u00e4hrleistet, dass beim Aufruf einer Seite unseres Webauftritts, die solche Plugins enth\u00e4lt, noch keine Verbindung mit den Servern von Facebook hergestellt wird. Erst wenn Sie die Plugins aktivieren und damit Ihre Zustimmung zur Daten\u00fcbermittlung erteilen, stellt Ihr Browser eine direkte Verbindung zu den Servern von Facebook her. Der Inhalt des jeweiligen Plugins wird direkt an Ihren Browser \u00fcbermittelt und in die Seite eingebunden. Durch die Einbindung der Plugins erh\u00e4lt Facebook die Information, dass Ihr Browser die entsprechende Seite unseres Webauftritts aufgerufen hat, auch wenn Sie kein Profil bei Facebook besitzen oder gerade nicht eingeloggt sind. Diese Information (einschlie\u00dflich Ihrer IP-Adresse) wird von Ihrem Browser direkt an einen Server von Facebook in die USA \u00fcbermittelt und dort gespeichert. Wenn Sie mit den Plugins interagieren, zum Beispiel den \u201eGef\u00e4llt mir\u201c-Button bet\u00e4tigen, wird die entsprechende Information ebenfalls direkt an einen Server von Facebook \u00fcbermittelt und dort gespeichert. Die Informationen werden au\u00dferdem bei Facebook ver\u00f6ffentlicht und dort Ihren Kontakten angezeigt.<\/p><p>Zweck und Umfang der Datenerhebung und die weitere Verarbeitung und Nutzung der Daten durch Facebook sowie Ihre diesbez\u00fcglichen Rechte und Einstellungsm\u00f6glichkeiten zum Schutz Ihrer Privatsph\u00e4re entnehmen Sie bitte den Datenschutzhinweisen von Facebook unter\u00a0<a href=\"https:\/\/www.facebook.com\/policy.php\" target=\"_blank\" rel=\"nofollow noopener\">https:\/\/www.facebook.com\/policy.php<\/a><\/p><p><strong>SSL-Verschl\u00fcsselung<\/strong><br \/>Um die Sicherheit Ihrer Daten bei der \u00dcbertragung zu sch\u00fctzen, verwenden wir dem aktuellen Stand der Technik entsprechende Verschl\u00fcsselungsverfahren (z. B. SSL) \u00fcber HTTPS.<\/p><p><strong>Auskunftsrecht und Kontaktm\u00f6glichkeit<\/strong><br \/>Wir verpflichten uns, nur den Bestellzweck notwendigen Felder als Pflichtfelder abzufragen, alle weiteren Angaben sind freiwillig. Folgende Rechte haben Sie:<\/p><ul><li>Auskunft \u00fcber Ihre bei uns gespeicherten Daten und deren Verarbeitung,<\/li><li>Berichtigung unrichtiger personenbezogener Daten,<\/li><li>L\u00f6schung Ihrer bei uns gespeicherten Daten,<\/li><li>Einschr\u00e4nkung der Datenverarbeitung, sofern wir Ihre Daten aufgrund gesetzlicher Pflichten noch nicht l\u00f6schen d\u00fcrfen,<\/li><li>Widerspruch gegen die Verarbeitung Ihrer Daten bei uns und<\/li><li>Daten\u00fcbertragbarkeit, sofern Sie in die Datenverarbeitung eingewilligt haben oder einen Vertrag mit uns abgeschlossen haben.<\/li><\/ul><p>Sofern Sie uns eine Einwilligung erteilt haben, k\u00f6nnen Sie diese jederzeit mit Wirkung f\u00fcr die Zukunft widerrufen.<\/p><p>Bei Fragen zur Erhebung, Verarbeitung oder Nutzung Ihrer personenbezogenen Daten, bei Ausk\u00fcnften, Berichtigung, Sperrung oder L\u00f6schung von Daten sowie Widerruf erteilter Einwilligungen oder Widerspruch gegen eine bestimmte Datenverwendung wenden Sie sich bitte direkt an uns \u00fcber die Kontaktdaten in unserem Impressum.<\/p><p><i><a title=\"Datenschutzerkl\u00e4rung\" href=\"https:\/\/shop.trustedshops.de\/rechtstexte-kostenlos?__hstc=34495550.540c5ae5d4f5d52bf8b949723695bf45.1500308114090.1500308114090.1504703644370.2&amp;__hssc=34495550.14.1504703644370&amp;__hsfp=412697770\" target=\"_blank\" rel=\"nofollow noopener\">Datenschutzerkl\u00e4rung<\/a>\u00a0erstellt mit dem\u00a0<a title=\"Trusted Shops\" href=\"https:\/\/shop.trustedshops.com\/de\/\" target=\"_blank\" rel=\"noopener\">Trusted Shops<\/a>\u00a0Rechtstexter in Kooperation mit\u00a0<a title=\"Wilde Beuger Solmecke Rechtsanw\u00e4lte\" href=\"https:\/\/www.wbs-law.de\/\" target=\"_blank\" rel=\"nofollow noopener\">Wilde Beuger Solmecke Rechtsanw\u00e4lte<\/a>\u00a0und Rechtstexter activeMind.AG.<\/i><\/p>\t\t\t\t\t\t<\/div>\n\t\t\t\t<\/div>\n\t\t\t\t\t<\/div>\n\t\t<\/div>\n\t\t\t\t\t<\/div>\n\t\t<\/section>\n\t\t\t\t<\/div>","protected":false},"excerpt":{"rendered":"<p>Datenschutz Datenschutz-Grundverordnung (DSGVO) Datenschutzerkl\u00e4rungWir freuen uns \u00fcber Ihr Interesse an unserer Website. Der Schutz Ihrer Privatsph\u00e4re ist f\u00fcr uns sehr wichtig. Nachstehend informieren wir Sie ausf\u00fchrlich \u00fcber den Umgang mit Ihren Daten nach den neuen Regelungen der neuen EU-Datenschutzverordnung. Was genau machen wir mit Ihren Daten?Um eine Bestellung zu bearbeiten und einen Auftrag daraus zu&nbsp;&#8230;<\/p>","protected":false},"author":1,"featured_media":0,"parent":0,"menu_order":11,"comment_status":"closed","ping_status":"closed","template":"elementor_header_footer","meta":{"footnotes":""},"class_list":["post-66","page","type-page","status-publish","hentry"],"yoast_head":"<!-- This site is optimized with the Yoast SEO plugin v23.7 - https:\/\/yoast.com\/wordpress\/plugins\/seo\/ -->\n<title>Datenschutz - Mole Punch<\/title>\n<meta name=\"robots\" content=\"index, follow, max-snippet:-1, max-image-preview:large, max-video-preview:-1\" \/>\n<link rel=\"canonical\" href=\"https:\/\/mole-punch.de\/en\/datenschutz\/\" \/>\n<meta property=\"og:locale\" content=\"en_US\" \/>\n<meta property=\"og:type\" content=\"article\" \/>\n<meta property=\"og:title\" content=\"Datenschutz - Mole Punch\" \/>\n<meta property=\"og:description\" content=\"Datenschutz Datenschutz-Grundverordnung (DSGVO) Datenschutzerkl\u00e4rungWir freuen uns \u00fcber Ihr Interesse an unserer Website. Der Schutz Ihrer Privatsph\u00e4re ist f\u00fcr uns sehr wichtig. Nachstehend informieren wir Sie ausf\u00fchrlich \u00fcber den Umgang mit Ihren Daten nach den neuen Regelungen der neuen EU-Datenschutzverordnung. Was genau machen wir mit Ihren Daten?Um eine Bestellung zu bearbeiten und einen Auftrag daraus zu&nbsp;...\" \/>\n<meta property=\"og:url\" content=\"https:\/\/mole-punch.de\/en\/datenschutz\/\" \/>\n<meta property=\"og:site_name\" content=\"Mole Punch\" \/>\n<meta property=\"article:modified_time\" content=\"2021-06-02T21:15:18+00:00\" \/>\n<meta name=\"twitter:card\" content=\"summary_large_image\" \/>\n<meta name=\"twitter:label1\" content=\"Est. reading time\" \/>\n\t<meta name=\"twitter:data1\" content=\"6 minutes\" \/>\n<script type=\"application\/ld+json\" class=\"yoast-schema-graph\">{\"@context\":\"https:\/\/schema.org\",\"@graph\":[{\"@type\":\"WebPage\",\"@id\":\"https:\/\/mole-punch.de\/datenschutz\/\",\"url\":\"https:\/\/mole-punch.de\/datenschutz\/\",\"name\":\"Datenschutz - Mole Punch\",\"isPartOf\":{\"@id\":\"https:\/\/mole-punch.de\/#website\"},\"datePublished\":\"2021-03-12T14:09:44+00:00\",\"dateModified\":\"2021-06-02T21:15:18+00:00\",\"breadcrumb\":{\"@id\":\"https:\/\/mole-punch.de\/datenschutz\/#breadcrumb\"},\"inLanguage\":\"en-US\",\"potentialAction\":[{\"@type\":\"ReadAction\",\"target\":[\"https:\/\/mole-punch.de\/datenschutz\/\"]}]},{\"@type\":\"BreadcrumbList\",\"@id\":\"https:\/\/mole-punch.de\/datenschutz\/#breadcrumb\",\"itemListElement\":[{\"@type\":\"ListItem\",\"position\":1,\"name\":\"Startseite\",\"item\":\"https:\/\/mole-punch.de\/\"},{\"@type\":\"ListItem\",\"position\":2,\"name\":\"Datenschutz\"}]},{\"@type\":\"WebSite\",\"@id\":\"https:\/\/mole-punch.de\/#website\",\"url\":\"https:\/\/mole-punch.de\/\",\"name\":\"Mole Punch\",\"description\":\"\",\"publisher\":{\"@id\":\"https:\/\/mole-punch.de\/#organization\"},\"potentialAction\":[{\"@type\":\"SearchAction\",\"target\":{\"@type\":\"EntryPoint\",\"urlTemplate\":\"https:\/\/mole-punch.de\/?s={search_term_string}\"},\"query-input\":{\"@type\":\"PropertyValueSpecification\",\"valueRequired\":true,\"valueName\":\"search_term_string\"}}],\"inLanguage\":\"en-US\"},{\"@type\":\"Organization\",\"@id\":\"https:\/\/mole-punch.de\/#organization\",\"name\":\"Mole Punch\",\"url\":\"https:\/\/mole-punch.de\/\",\"logo\":{\"@type\":\"ImageObject\",\"inLanguage\":\"en-US\",\"@id\":\"https:\/\/mole-punch.de\/#\/schema\/logo\/image\/\",\"url\":\"https:\/\/mole-punch.de\/wp-content\/uploads\/2021\/03\/MOLE-Logo-Bildmarke-RGB.jpg\",\"contentUrl\":\"https:\/\/mole-punch.de\/wp-content\/uploads\/2021\/03\/MOLE-Logo-Bildmarke-RGB.jpg\",\"width\":1077,\"height\":932,\"caption\":\"Mole Punch\"},\"image\":{\"@id\":\"https:\/\/mole-punch.de\/#\/schema\/logo\/image\/\"}}]}<\/script>\n<!-- \/ Yoast SEO plugin. -->","yoast_head_json":{"title":"Datenschutz - Mole Punch","robots":{"index":"index","follow":"follow","max-snippet":"max-snippet:-1","max-image-preview":"max-image-preview:large","max-video-preview":"max-video-preview:-1"},"canonical":"https:\/\/mole-punch.de\/en\/datenschutz\/","og_locale":"en_US","og_type":"article","og_title":"Datenschutz - Mole Punch","og_description":"Datenschutz Datenschutz-Grundverordnung (DSGVO) Datenschutzerkl\u00e4rungWir freuen uns \u00fcber Ihr Interesse an unserer Website. Der Schutz Ihrer Privatsph\u00e4re ist f\u00fcr uns sehr wichtig. Nachstehend informieren wir Sie ausf\u00fchrlich \u00fcber den Umgang mit Ihren Daten nach den neuen Regelungen der neuen EU-Datenschutzverordnung. Was genau machen wir mit Ihren Daten?Um eine Bestellung zu bearbeiten und einen Auftrag daraus zu&nbsp;...","og_url":"https:\/\/mole-punch.de\/en\/datenschutz\/","og_site_name":"Mole Punch","article_modified_time":"2021-06-02T21:15:18+00:00","twitter_card":"summary_large_image","twitter_misc":{"Est. reading time":"6 minutes"},"schema":{"@context":"https:\/\/schema.org","@graph":[{"@type":"WebPage","@id":"https:\/\/mole-punch.de\/datenschutz\/","url":"https:\/\/mole-punch.de\/datenschutz\/","name":"Datenschutz - Mole Punch","isPartOf":{"@id":"https:\/\/mole-punch.de\/#website"},"datePublished":"2021-03-12T14:09:44+00:00","dateModified":"2021-06-02T21:15:18+00:00","breadcrumb":{"@id":"https:\/\/mole-punch.de\/datenschutz\/#breadcrumb"},"inLanguage":"en-US","potentialAction":[{"@type":"ReadAction","target":["https:\/\/mole-punch.de\/datenschutz\/"]}]},{"@type":"BreadcrumbList","@id":"https:\/\/mole-punch.de\/datenschutz\/#breadcrumb","itemListElement":[{"@type":"ListItem","position":1,"name":"Startseite","item":"https:\/\/mole-punch.de\/"},{"@type":"ListItem","position":2,"name":"Datenschutz"}]},{"@type":"WebSite","@id":"https:\/\/mole-punch.de\/#website","url":"https:\/\/mole-punch.de\/","name":"Mole Punch","description":"","publisher":{"@id":"https:\/\/mole-punch.de\/#organization"},"potentialAction":[{"@type":"SearchAction","target":{"@type":"EntryPoint","urlTemplate":"https:\/\/mole-punch.de\/?s={search_term_string}"},"query-input":{"@type":"PropertyValueSpecification","valueRequired":true,"valueName":"search_term_string"}}],"inLanguage":"en-US"},{"@type":"Organization","@id":"https:\/\/mole-punch.de\/#organization","name":"Mole Punch","url":"https:\/\/mole-punch.de\/","logo":{"@type":"ImageObject","inLanguage":"en-US","@id":"https:\/\/mole-punch.de\/#\/schema\/logo\/image\/","url":"https:\/\/mole-punch.de\/wp-content\/uploads\/2021\/03\/MOLE-Logo-Bildmarke-RGB.jpg","contentUrl":"https:\/\/mole-punch.de\/wp-content\/uploads\/2021\/03\/MOLE-Logo-Bildmarke-RGB.jpg","width":1077,"height":932,"caption":"Mole Punch"},"image":{"@id":"https:\/\/mole-punch.de\/#\/schema\/logo\/image\/"}}]}},"_links":{"self":[{"href":"https:\/\/mole-punch.de\/en\/wp-json\/wp\/v2\/pages\/66","targetHints":{"allow":["GET"]}}],"collection":[{"href":"https:\/\/mole-punch.de\/en\/wp-json\/wp\/v2\/pages"}],"about":[{"href":"https:\/\/mole-punch.de\/en\/wp-json\/wp\/v2\/types\/page"}],"author":[{"embeddable":true,"href":"https:\/\/mole-punch.de\/en\/wp-json\/wp\/v2\/users\/1"}],"replies":[{"embeddable":true,"href":"https:\/\/mole-punch.de\/en\/wp-json\/wp\/v2\/comments?post=66"}],"version-history":[{"count":7,"href":"https:\/\/mole-punch.de\/en\/wp-json\/wp\/v2\/pages\/66\/revisions"}],"predecessor-version":[{"id":373,"href":"https:\/\/mole-punch.de\/en\/wp-json\/wp\/v2\/pages\/66\/revisions\/373"}],"wp:attachment":[{"href":"https:\/\/mole-punch.de\/en\/wp-json\/wp\/v2\/media?parent=66"}],"curies":[{"name":"wp","href":"https:\/\/api.w.org\/{rel}","templated":true}]}}