{"id":64,"date":"2021-03-12T15:09:18","date_gmt":"2021-03-12T14:09:18","guid":{"rendered":"http:\/\/mole-punch.de\/?page_id=64"},"modified":"2022-04-19T18:25:29","modified_gmt":"2022-04-19T16:25:29","slug":"agb","status":"publish","type":"page","link":"https:\/\/mole-punch.de\/en\/agb\/","title":{"rendered":"TERMS &amp; CONDITIONS"},"content":{"rendered":"<div data-elementor-type=\"wp-page\" data-elementor-id=\"64\" class=\"elementor elementor-64\">\n\t\t\t\t\t\t<section class=\"elementor-section elementor-top-section elementor-element elementor-element-535c87c elementor-section-boxed elementor-section-height-default elementor-section-height-default\" data-id=\"535c87c\" data-element_type=\"section\">\n\t\t\t\t\t\t<div class=\"elementor-container elementor-column-gap-default\">\n\t\t\t\t\t<div class=\"elementor-column elementor-col-100 elementor-top-column elementor-element elementor-element-7112564\" data-id=\"7112564\" data-element_type=\"column\">\n\t\t\t<div class=\"elementor-widget-wrap\">\n\t\t\t\t\t\t\t<\/div>\n\t\t<\/div>\n\t\t\t\t\t<\/div>\n\t\t<\/section>\n\t\t\t\t<section class=\"elementor-section elementor-top-section elementor-element elementor-element-09544c9 elementor-section-boxed elementor-section-height-default elementor-section-height-default\" data-id=\"09544c9\" data-element_type=\"section\">\n\t\t\t\t\t\t<div class=\"elementor-container elementor-column-gap-default\">\n\t\t\t\t\t<div class=\"elementor-column elementor-col-100 elementor-top-column elementor-element elementor-element-50c603e\" data-id=\"50c603e\" data-element_type=\"column\">\n\t\t\t<div class=\"elementor-widget-wrap elementor-element-populated\">\n\t\t\t\t\t\t<div class=\"elementor-element elementor-element-3a6c1a5 elementor-widget elementor-widget-heading\" data-id=\"3a6c1a5\" data-element_type=\"widget\" data-widget_type=\"heading.default\">\n\t\t\t\t<div class=\"elementor-widget-container\">\n\t\t\t<h2 class=\"elementor-heading-title elementor-size-default\">TERMS &amp; CONDITIONS<\/h2>\t\t<\/div>\n\t\t\t\t<\/div>\n\t\t\t\t\t<\/div>\n\t\t<\/div>\n\t\t\t\t\t<\/div>\n\t\t<\/section>\n\t\t\t\t<section class=\"elementor-section elementor-top-section elementor-element elementor-element-e3dfeb4 elementor-section-boxed elementor-section-height-default elementor-section-height-default\" data-id=\"e3dfeb4\" data-element_type=\"section\">\n\t\t\t\t\t\t<div class=\"elementor-container elementor-column-gap-default\">\n\t\t\t\t\t<div class=\"elementor-column elementor-col-100 elementor-top-column elementor-element elementor-element-2e5d858\" data-id=\"2e5d858\" data-element_type=\"column\">\n\t\t\t<div class=\"elementor-widget-wrap elementor-element-populated\">\n\t\t\t\t\t\t<div class=\"elementor-element elementor-element-592c032 elementor-widget elementor-widget-text-editor\" data-id=\"592c032\" data-element_type=\"widget\" data-widget_type=\"text-editor.default\">\n\t\t\t\t<div class=\"elementor-widget-container\">\n\t\t\t\t\t\t\t<p><strong>Allgemeine Gesch\u00e4ftsbedingungen (AGB)<\/strong><\/p><p>Allgemeine Gesch\u00e4fts- und Lieferbedingungen f\u00fcr den Verbraucher (Deutschland)<\/p><p><strong>I. Beanstandungen \/ Kontakt<\/strong><br \/>S\u00e4mtliche Fragen oder Beanstandungen im Zusammenhang mit diesen Allgemeinen Gesch\u00e4ftsbedingungen oder den diesen zugrunde liegenden Vertr\u00e4gen k\u00f6nnen schriftlich bei der Fa. Trust Office \u2013 Wholesale and Retail, Gro\u00df- und Einzelhandel vertreten durch Gesch\u00e4ftsf\u00fchrer Marcus Strohner, Soldnerstr. 11, 68219 Mannheim oder per eMail an info(at)snaptile.de, vorgebracht werden.<\/p><p><strong>II. Geltung<\/strong><br \/>Unsere Lieferungen, Leistungen und Angebote erfolgen ausschlie\u00dflich aufgrund unserer Allgemeinen Gesch\u00e4fts- und Lieferbedingungen. Sie haben auch Geltung f\u00fcr alle k\u00fcnftigen Gesch\u00e4ftsbeziehungen, insbesondere auch dann, wenn diese Gesch\u00e4ftsbedingungen nicht noch einmal ausdr\u00fccklich vereinbart werden. Mit der Bestellung, sp\u00e4testens jedoch mit der Entgegennahme der Ware, gelten die Bedingungen als angenommen. Entgegenstehende Bedingungen des K\u00e4ufers gelten als ausgeschlossen, es sei denn, sie sind von uns im Einzelfall schriftlich als verbindlich anerkannt worden. In diesem Fall gelten die AGB des K\u00e4ufers nicht f\u00fcr Folgegesch\u00e4fte, sondern nur f\u00fcr das Gesch\u00e4ft, in welches die AGB des K\u00e4ufers einbezogen sind. M\u00fcndliche Nebenabreden bestehen nicht.<\/p><p><strong>III. Angebot \/ Vertragsschluss<\/strong><br \/>Die Darstellung unseres Sortiments stellt kein bindendes Vertragsangebot dar. S\u00e4mtliche Angaben und Preise sind unverbindlich. F\u00fcr Fehler in der Darstellung unseres Sortimentes \u00fcbernehmen wir keine Haftung. Alle von uns genannten Ma\u00dfangaben sind Nennwerte. Die benutzten Farbt\u00f6ne k\u00f6nnen aufgrund begrenzter Darstellungsm\u00f6glichkeiten Abweichungen vom Original aufweisen. Indem der Kunde eine Bestellung an uns<br \/>schickt, gibt er ein verbindliches Angebot ab. Wir behalten uns die freie Entscheidung \u00fcber die Annahme dieses Angebots vor. Mitarbeiter sind nicht befugt, m\u00fcndliche Nebenabreden zu treffen oder m\u00fcndliche Zusicherungen zu geben, die \u00fcber den Inhalt des schriftlichen Vertrages hinausgehen. Wir werden dem Kunden den Eingang seiner Bestellung unverz\u00fcglich best\u00e4tigen. Sollten Angaben zum Sortiment falsch gewesen sein, werden wir dem Kunden unverz\u00fcglich ein Gegenangebot unterbreiten, \u00fcber dessen Annahme er frei entscheiden kann. Nehmen wir ein Angebot des Kunden nicht an, teilen wir das dem Kunden unverz\u00fcglich mit. Der Vertragsschluss erfolgt unter dem Vorbehalt der richtigen und rechtzeitigen Selbstbelieferung durch unsere Zulieferer. Dieser Vorbehalt gilt nur f\u00fcr den Fall, dass wir eine etwaige Falsch- oder Nichtbelieferung nicht zu vertreten haben.<\/p><p><strong>IV. Lieferung<\/strong><br \/>Im Falle der Nichtverf\u00fcgbarkeit von Waren informieren wir den Kunden hier\u00fcber und unterbreiten ein Gegenangebot.<br \/>Liefer- und Leistungsverz\u00f6gerungen aufgrund h\u00f6herer Gewalt und aufgrund von Ereignissen, die uns die Lieferung wesentlich erschwert oder unm\u00f6glich macht (nachtr\u00e4glich eingetretene Materialbeschaffungs-schwierigkeiten, Betriebsst\u00f6rungen, Streik, Aussperrung, Personalmangel, Mangel an Transportmitteln, beh\u00f6rdliche Anordnung usw.) begr\u00fcnden keinen Schadensersatzanspruch. Dieses gilt auch dann, wenn bei unseren Vorlieferanten oder Unterlieferanten diese Ereignisse eingetreten sind. Wir sind in diesem Fall berechtigt, die Lieferung bzw. Leistungen um die Dauer der Behinderung zzgl. einer angemessenen Anlauffrist hinauszuschieben. Befindet sich der K\u00e4ufer mit der Kaufpreiszahlung aus einer vorhergehenden Lieferung in Verzug, sind wir berechtigt, die Warenlieferung der aktuellen Bestellung solange auszusetzen, bis der Zahlungsverzug desK\u00e4ufers beseitigt ist. Wir sind berechtigt, Teillieferungen vorzunehmen.<\/p><p><strong>V. Preise<\/strong><br \/>Unsere angebotenen Preise verstehen sich in Euro per St\u00fcck, inklusive der am Tag der Lieferung geltenden gesetzlichen Mehrwertsteuer, sofern diese nicht ausdr\u00fccklich ausgeworfen ist.<\/p><p><strong>VI. Zahlung<\/strong><br \/>Zahlungsverpflichtungen gelten erst dann als erf\u00fcllt, wenn wir oder von uns beauftragte Erf\u00fcllungsgehilfen \u00fcber den Gegenwert unserer Forderung endg\u00fcltig verf\u00fcgen k\u00f6nnen. Soweit nicht anders vereinbart, sind unsere Lieferungen per Nachnahme (im Ausland nicht m\u00f6glich), per Vorauskasse (PayPal; \u00dcberweisung) oder Kreditkarte ohne Abzug zahlbar. Im Falle der Lieferung gegen Rechnung ist die Leistungszeit f\u00fcr die Kaufpreiszahlung auf der jeweiligen Rechnung nach dem Kalender bestimmt, so dass es einer Inverzugsetzung durch Mahnung nicht bedarf.<\/p><p><strong>VII. Eigentumsvorbehalt<\/strong><br \/>Die gelieferte Ware bleibt bis zur restlosen Bezahlung der gesamten Kaufpreis- und Versandkostenforderung unser Eigentum. Im Falle der Weiterver\u00e4u\u00dferung der Vorbehaltsware werden bereits jetzt die darauf f\u00fcr den K\u00e4ufer entstehenden Forderungen an uns abgetreten. Die Abtretung der Forderungen des K\u00e4ufers an uns nehmen wir an.<\/p><p><strong>VIII. Rechte des K\u00e4ufers bei M\u00e4ngeln<\/strong><br \/>Bei allen Waren aus unserem Shop bestehen gesetzliche Gew\u00e4hrleistungsrechte.<br \/>Sollten gelieferte Artikel offensichtliche M\u00e4ngel- oder Herstellungsfehler aufweisen, wozu auch Transportsch\u00e4den z\u00e4hlen, so hat der K\u00e4ufer solche Fehler sofort bei uns schriftlich zu reklamieren. Die Vers\u00e4umung dieser R\u00fcge hat f\u00fcr die gesetzlichen Anspr\u00fcche des K\u00e4ufers keine Konsequenzen. Die Beweislast f\u00fcr den Eingang der M\u00e4ngelanzeige trifft den Kunden. Die Verj\u00e4hrung der M\u00e4ngelanspr\u00fcche betr\u00e4gt l\u00e4ngsten falls 24 Monate ab Empfang der Ware. Unsere Verpflichtung gegen\u00fcber dem K\u00e4ufer bei M\u00e4ngeln an der Kaufsache beschr\u00e4nkt sich wahlweise auf die Beseitigung des Mangels, die Lieferung einer mangelfreien Sache oder Minderung des<br \/>Kaufpreises. M\u00e4ngelanspr\u00fcche bestehen nicht, wenn der aufgetretene Mangel in urs\u00e4chlichem Zusammenhang damit steht, dass der Kaufgegenstand unsachgem\u00e4\u00df behandelt oder \u00fcberbeansprucht worden ist oder in den Kaufgegenstand Teile eingebaut worden sind, deren Verwendung wir nicht genehmigt haben oder der<br \/>Kaufgegenstand in einer vom K\u00e4ufer nicht genehmigten Weise ver\u00e4ndert worden ist oder der K\u00e4ufer die Vorschriften \u00fcber die Behandlung, Wartung, Reinigung und Pflege des Kaufgegenstandes nicht befolgt hat. Nat\u00fcrlicher Verschlei\u00df ist von o.g. M\u00e4ngelrechten ausgeschlossen.<br \/>Zwecks \u00dcberpr\u00fcfung, ob ein Sachmangel vorliegt, ist die Ware an die Fa. Trust Wholesale,\u00a0 Marcus Strohner, Hafenbahnstrasse 100, 68305 Mannheimzur\u00fcckzusenden. Bei nachweislichem Vorliegen eines Sachmangels (z.B. Falschlieferung oder defekter Artikel etc.) \u00fcbernehmen wir r\u00fcckwirkend die Portokosten. R\u00fccksendungen sind immer ausreichend frankiert in einer entsprechenden Verpackung (z.B. gepolsterter Briefumschlag, Karton usw., KEIN einfacher Papierumschlag) an uns zur\u00fcckzuschicken. Die zur\u00fcckgesandte Ware muss vollst\u00e4ndig, einzeln verpackt in T\u00fctchen, in hygienisch einwandfreiem Zustand und mit entsprechender Rechnungskopie bei uns eintreffen.<\/p><p><strong>IX. Widerrufsbelehrung f\u00fcr Verbraucher im Sinne des \u00a713 BGB<\/strong><\/p><p>Verbraucher haben ein vierzehnt\u00e4giges Widerrufsrecht.<\/p><p><strong>Widerrufsrecht<\/strong><\/p><p>Sie haben das Recht, binnen vierzehn Tagen ohne Angabe von Gr\u00fcnden diesen Vertrag zu widerrufen.<\/p><p>Die Widerrufsfrist betr\u00e4gt vierzehn Tage ab dem Tag, an dem Sie oder ein von Ihnen benannter Dritter, der nicht der Bef\u00f6rderer ist, die letzte Ware in Besitz genommen haben bzw. hat.<\/p><p>Um Ihr Widerrufsrecht auszu\u00fcben, m\u00fcssen Sie uns (Marcus Strohner \u2013 Trust Products&amp;Tools \/ Wholesale&amp;Retail, Soldnerstr. 11, 68219 Mannheim, shop(at)trust-mannheim.de, Telefon: 0621 74824870, Fax: 0621 74824872) mittels einer eindeutigen Erkl\u00e4rung (z. B. ein mit der Post versandter Brief, Telefax oder E-Mail) \u00fcber Ihren Entschluss, diesen Vertrag zu widerrufen, informieren. Sie k\u00f6nnen daf\u00fcr das beigef\u00fcgte Muster-Widerrufsformular verwenden, das jedoch nicht vorgeschrieben ist.<\/p><p>Zur Wahrung der Widerrufsfrist reicht es aus, dass Sie die Mitteilung \u00fcber die Aus\u00fcbung des Widerrufsrechts vor Ablauf der Widerrufsfrist absenden.<\/p><p><strong>Folgen des Widerrufs<\/strong><\/p><p>Wenn Sie diesen Vertrag widerrufen, haben wir Ihnen alle Zahlungen, die wir von Ihnen erhalten haben, einschlie\u00dflich der Lieferkosten (mit Ausnahme der zus\u00e4tzlichen Kosten, die sich daraus ergeben, dass Sie eine andere Art der Lieferung als die von uns angebotene, g\u00fcnstigste Standardlieferung gew\u00e4hlt haben), unverz\u00fcglich und sp\u00e4testens binnen vierzehn Tagen ab dem Tag zur\u00fcckzuzahlen, an dem die Mitteilung \u00fcber Ihren Widerruf dieses Vertrags bei uns eingegangen ist. F\u00fcr diese R\u00fcckzahlung verwenden wir dasselbe Zahlungsmittel, das Sie bei der urspr\u00fcnglichen Transaktion eingesetzt haben, es sei denn, mit Ihnen wurde ausdr\u00fccklich etwas anderes vereinbart; in keinem Fall werden Ihnen wegen dieser R\u00fcckzahlung Entgelte berechnet. Wir k\u00f6nnen die R\u00fcckzahlung verweigern, bis wir die Waren wieder zur\u00fcckerhalten haben oder bis Sie den Nachweis erbracht haben, dass Sie die Waren zur\u00fcckgesandt haben, je nachdem, welches der fr\u00fchere Zeitpunkt ist.<\/p><p>Sie haben die Waren unverz\u00fcglich und in jedem Fall sp\u00e4testens binnen vierzehn Tagen ab dem Tag, an dem Sie uns \u00fcber den Widerruf dieses Vertrags unterrichten, an uns zur\u00fcckzusenden oder zu \u00fcbergeben. Die Frist ist gewahrt, wenn Sie die Waren vor Ablauf der Frist von vierzehn Tagen absenden. Sie tragen die unmittelbaren Kosten der R\u00fccksendung der Waren. Sie m\u00fcssen f\u00fcr einen etwaigen Wertverlust der Waren nur aufkommen, wenn dieser Wertverlust auf einen zur Pr\u00fcfung der Beschaffenheit, Eigenschaften und Funktionsweise der Waren nicht notwendigen Umgang mit ihnen zur\u00fcckzuf\u00fchren ist.<\/p><p><strong>Das Widerrufsrecht besteht, soweit die Parteien nichts anderes vereinbart gaben, nicht bei folgenden Vertr\u00e4gen:<\/strong><\/p><ul><li>Vertr\u00e4ge zur Lieferung von Waren, die nicht vorgefertigt sind und f\u00fcr deren Herstellung eine individuelle Auswahl oder Bestimmung durch den Verbraucher ma\u00dfgeblich ist oder die eindeutig auf die pers\u00f6nlichen Bed\u00fcrfnisse des Verbrauchers zugeschnitten sind.<\/li><li>Vertr\u00e4ge zur Lieferung von Waren, die schnell verderben k\u00f6nnen oder deren Verfallsdatum schnell \u00fcberschritten w\u00fcrde.<\/li><li>Vertr\u00e4ge zur Lieferung versiegelter Waren, die aus Gr\u00fcnden des Gesundheitsschutzes oder der Hygiene nicht zur R\u00fcckgabe geeignet sind, wenn ihre Versiegelung nach der Lieferung entfernt wurde.<\/li><li>Vertr\u00e4ge zur Lieferung von Waren, die bei Bestellung einem Sonderpreis unterliegen.<\/li><\/ul><div><p><strong>Muster-Widerrufsformular<\/strong><\/p><p><i>(Wenn Sie den Vertrag widerrufen wollen, dann f\u00fcllen Sie bitte dieses Formular aus und senden Sie es zur\u00fcck.)<\/i><\/p><p>\u2013 An Marcus Strohner \u2013 Trust Products&amp;Tools \/ Wholesale&amp;Retail, Soldnerstr. 11, 68219 Mannheim, shop(at)trust-mannheim.de<\/p><p>\u2013 Hiermit widerrufe(n) ich\/wir (*) den von mir\/uns (*) abgeschlossenen Vertrag \u00fcber den Kauf der folgenden Waren (*)\/die Erbringung der folgenden Dienstleistung (*)<\/p><p>\u2013 Bestellt am (*)\/erhalten am (*)<\/p><p>\u2013 Name des\/der Verbraucher(s)<\/p><p>\u2013 Anschrift des\/der Verbraucher(s)<\/p><p>\u2013 Unterschrift des\/der Verbraucher(s) (nur bei Mitteilung auf Papier)<\/p><p>\u2013 Datum<\/p><p><i>(*) Unzutreffendes streichen.<\/i><\/p><\/div><p><i><a title=\"Widerrufsbelehrung\" href=\"https:\/\/shop.trustedshops.com\/rechtstexte-kostenlos\" target=\"_blank\" rel=\"noopener\">Widerrufsbelehrung<\/a>\u00a0erstellt mit dem\u00a0<a title=\"Trusted Shops\" href=\"https:\/\/shop.trustedshops.com\/de\/\" target=\"_blank\" rel=\"noopener\">Trusted Shops<\/a>\u00a0Rechtstexter in Kooperation mit\u00a0<a title=\"Wilde Beuger Solmecke Rechtsanw\u00e4lte\" href=\"https:\/\/www.wbs-law.de\/\" target=\"_blank\" rel=\"nofollow noopener\">Wilde Beuger Solmecke Rechtsanw\u00e4lte<\/a><\/i>.<\/p><p><strong>X. Haftung<\/strong><\/p><p>Haben wir aufgrund der gesetzlichen Bestimmungen nach Ma\u00dfgabe dieser Bedingungen f\u00fcr einen Schaden aufzukommen, der leichtfahrl\u00e4ssig verursacht wurde, so haften wir beschr\u00e4nkt: Die Haftung besteht nur bei Verletzung vertragswesentlicher Pflichten und ist auf den bei Vertragsabschluss vorhersehbaren typischen Schaden begrenzt. Diese Beschr\u00e4nkung gilt nicht bei Verletzung von Leben, K\u00f6rper und Gesundheit. Soweit der Schaden durch vom K\u00e4ufer f\u00fcr den betreffenden Schadenfall abgeschlossene Versicherung (ausgenommen Summenversicherung) gedeckt ist, haften wir nur f\u00fcr etwaige damit verbundene Nachteile des K\u00e4ufers, z.B. h\u00f6here Versicherungspr\u00e4mie oder Zinsnachteile bis zur Schadensregulierung durch die Versicherung. Das Gleiche gilt f\u00fcr Sch\u00e4den, die durch einen Mangel verursacht worden sind. Verschuldensunabh\u00e4ngig haften wir bei arglistigem Verschweigen des Mangels, aus der \u00dcbernahme einer Garantie und nach dem Produkthaftungsgesetz. Die Haftung bei Lieferverzug ist in Ziffer IV. abschlie\u00dfend geregelt. Ausgeschlossen ist die pers\u00f6nliche Haftung unserer gesetzlichen Vertreter, Erf\u00fcllungsgehilfen und Betriebsangeh\u00f6rigen f\u00fcr von ihnen durch leichte Fahrl\u00e4ssigkeit verursachte Sch\u00e4den.<\/p><p><strong>XI. Aufrechnungsverbot<\/strong><br \/>Dem K\u00e4ufer ist es untersagt, gegen unsere Forderungen die Aufrechnung zu erkl\u00e4ren, es sei denn, die Forderungen des K\u00e4ufers sind unbestritten oder rechtskr\u00e4ftig festgestellt. XIII. Erf\u00fcllungsort und Gerichtsstand<br \/>Erf\u00fcllungsort und Gerichtsstand ist Mannheim, sofern der K\u00e4ufer Kaufmann ist.<\/p><p><strong>XII. Rechtswahl\/Salvatorische Klausel<\/strong><br \/>Die diesen Allgemeinen Gesch\u00e4ftsbedingungen zugrunde liegenden Vertr\u00e4ge unterliegen deutschem Recht. Die Anwendung des UN-Kaufrechtes ist ausgeschlossen. Sollten einzelne Bestimmungen dieser Allgemeinen Gesch\u00e4ftsbedingungen unwirksam oder nichtig sein, so bleibt der Vertrag im \u00dcbrigen wirksam. Anstelle der unwirksamen oder nichtigen Regelung richtet sich der Vertrag nach den gesetzlichen Vorschriften.<\/p>\t\t\t\t\t\t<\/div>\n\t\t\t\t<\/div>\n\t\t\t\t\t<\/div>\n\t\t<\/div>\n\t\t\t\t\t<\/div>\n\t\t<\/section>\n\t\t\t\t<\/div>","protected":false},"excerpt":{"rendered":"<p>AGB Allgemeine Gesch\u00e4ftsbedingungen (AGB) Allgemeine Gesch\u00e4fts- und Lieferbedingungen f\u00fcr den Verbraucher (Deutschland) I. Beanstandungen \/ KontaktS\u00e4mtliche Fragen oder Beanstandungen im Zusammenhang mit diesen Allgemeinen Gesch\u00e4ftsbedingungen oder den diesen zugrunde liegenden Vertr\u00e4gen k\u00f6nnen schriftlich bei der Fa. Trust Office \u2013 Wholesale and Retail, Gro\u00df- und Einzelhandel vertreten durch Gesch\u00e4ftsf\u00fchrer Marcus Strohner, Soldnerstr. 11, 68219 Mannheim oder&nbsp;&#8230;<\/p>","protected":false},"author":1,"featured_media":0,"parent":0,"menu_order":9,"comment_status":"closed","ping_status":"closed","template":"elementor_header_footer","meta":{"footnotes":""},"class_list":["post-64","page","type-page","status-publish","hentry"],"yoast_head":"<!-- This site is optimized with the Yoast SEO plugin v23.7 - https:\/\/yoast.com\/wordpress\/plugins\/seo\/ -->\n<title>AGB - Mole Punch<\/title>\n<meta name=\"robots\" content=\"index, follow, max-snippet:-1, max-image-preview:large, max-video-preview:-1\" \/>\n<link rel=\"canonical\" href=\"https:\/\/mole-punch.de\/en\/agb\/\" \/>\n<meta property=\"og:locale\" content=\"en_US\" \/>\n<meta property=\"og:type\" content=\"article\" \/>\n<meta property=\"og:title\" content=\"AGB - Mole Punch\" \/>\n<meta property=\"og:description\" content=\"AGB Allgemeine Gesch\u00e4ftsbedingungen (AGB) Allgemeine Gesch\u00e4fts- und Lieferbedingungen f\u00fcr den Verbraucher (Deutschland) I. Beanstandungen \/ KontaktS\u00e4mtliche Fragen oder Beanstandungen im Zusammenhang mit diesen Allgemeinen Gesch\u00e4ftsbedingungen oder den diesen zugrunde liegenden Vertr\u00e4gen k\u00f6nnen schriftlich bei der Fa. Trust Office \u2013 Wholesale and Retail, Gro\u00df- und Einzelhandel vertreten durch Gesch\u00e4ftsf\u00fchrer Marcus Strohner, Soldnerstr. 11, 68219 Mannheim oder&nbsp;...\" \/>\n<meta property=\"og:url\" content=\"https:\/\/mole-punch.de\/en\/agb\/\" \/>\n<meta property=\"og:site_name\" content=\"Mole Punch\" \/>\n<meta property=\"article:modified_time\" content=\"2022-04-19T16:25:29+00:00\" \/>\n<meta name=\"twitter:card\" content=\"summary_large_image\" \/>\n<meta name=\"twitter:label1\" content=\"Est. reading time\" \/>\n\t<meta name=\"twitter:data1\" content=\"9 minutes\" \/>\n<script type=\"application\/ld+json\" class=\"yoast-schema-graph\">{\"@context\":\"https:\/\/schema.org\",\"@graph\":[{\"@type\":\"WebPage\",\"@id\":\"https:\/\/mole-punch.de\/agb\/\",\"url\":\"https:\/\/mole-punch.de\/agb\/\",\"name\":\"AGB - Mole Punch\",\"isPartOf\":{\"@id\":\"https:\/\/mole-punch.de\/#website\"},\"datePublished\":\"2021-03-12T14:09:18+00:00\",\"dateModified\":\"2022-04-19T16:25:29+00:00\",\"breadcrumb\":{\"@id\":\"https:\/\/mole-punch.de\/agb\/#breadcrumb\"},\"inLanguage\":\"en-US\",\"potentialAction\":[{\"@type\":\"ReadAction\",\"target\":[\"https:\/\/mole-punch.de\/agb\/\"]}]},{\"@type\":\"BreadcrumbList\",\"@id\":\"https:\/\/mole-punch.de\/agb\/#breadcrumb\",\"itemListElement\":[{\"@type\":\"ListItem\",\"position\":1,\"name\":\"Startseite\",\"item\":\"https:\/\/mole-punch.de\/\"},{\"@type\":\"ListItem\",\"position\":2,\"name\":\"AGB\"}]},{\"@type\":\"WebSite\",\"@id\":\"https:\/\/mole-punch.de\/#website\",\"url\":\"https:\/\/mole-punch.de\/\",\"name\":\"Mole Punch\",\"description\":\"\",\"publisher\":{\"@id\":\"https:\/\/mole-punch.de\/#organization\"},\"potentialAction\":[{\"@type\":\"SearchAction\",\"target\":{\"@type\":\"EntryPoint\",\"urlTemplate\":\"https:\/\/mole-punch.de\/?s={search_term_string}\"},\"query-input\":{\"@type\":\"PropertyValueSpecification\",\"valueRequired\":true,\"valueName\":\"search_term_string\"}}],\"inLanguage\":\"en-US\"},{\"@type\":\"Organization\",\"@id\":\"https:\/\/mole-punch.de\/#organization\",\"name\":\"Mole Punch\",\"url\":\"https:\/\/mole-punch.de\/\",\"logo\":{\"@type\":\"ImageObject\",\"inLanguage\":\"en-US\",\"@id\":\"https:\/\/mole-punch.de\/#\/schema\/logo\/image\/\",\"url\":\"https:\/\/mole-punch.de\/wp-content\/uploads\/2021\/03\/MOLE-Logo-Bildmarke-RGB.jpg\",\"contentUrl\":\"https:\/\/mole-punch.de\/wp-content\/uploads\/2021\/03\/MOLE-Logo-Bildmarke-RGB.jpg\",\"width\":1077,\"height\":932,\"caption\":\"Mole Punch\"},\"image\":{\"@id\":\"https:\/\/mole-punch.de\/#\/schema\/logo\/image\/\"}}]}<\/script>\n<!-- \/ Yoast SEO plugin. -->","yoast_head_json":{"title":"AGB - Mole Punch","robots":{"index":"index","follow":"follow","max-snippet":"max-snippet:-1","max-image-preview":"max-image-preview:large","max-video-preview":"max-video-preview:-1"},"canonical":"https:\/\/mole-punch.de\/en\/agb\/","og_locale":"en_US","og_type":"article","og_title":"AGB - Mole Punch","og_description":"AGB Allgemeine Gesch\u00e4ftsbedingungen (AGB) Allgemeine Gesch\u00e4fts- und Lieferbedingungen f\u00fcr den Verbraucher (Deutschland) I. Beanstandungen \/ KontaktS\u00e4mtliche Fragen oder Beanstandungen im Zusammenhang mit diesen Allgemeinen Gesch\u00e4ftsbedingungen oder den diesen zugrunde liegenden Vertr\u00e4gen k\u00f6nnen schriftlich bei der Fa. Trust Office \u2013 Wholesale and Retail, Gro\u00df- und Einzelhandel vertreten durch Gesch\u00e4ftsf\u00fchrer Marcus Strohner, Soldnerstr. 11, 68219 Mannheim oder&nbsp;...","og_url":"https:\/\/mole-punch.de\/en\/agb\/","og_site_name":"Mole Punch","article_modified_time":"2022-04-19T16:25:29+00:00","twitter_card":"summary_large_image","twitter_misc":{"Est. reading time":"9 minutes"},"schema":{"@context":"https:\/\/schema.org","@graph":[{"@type":"WebPage","@id":"https:\/\/mole-punch.de\/agb\/","url":"https:\/\/mole-punch.de\/agb\/","name":"AGB - Mole Punch","isPartOf":{"@id":"https:\/\/mole-punch.de\/#website"},"datePublished":"2021-03-12T14:09:18+00:00","dateModified":"2022-04-19T16:25:29+00:00","breadcrumb":{"@id":"https:\/\/mole-punch.de\/agb\/#breadcrumb"},"inLanguage":"en-US","potentialAction":[{"@type":"ReadAction","target":["https:\/\/mole-punch.de\/agb\/"]}]},{"@type":"BreadcrumbList","@id":"https:\/\/mole-punch.de\/agb\/#breadcrumb","itemListElement":[{"@type":"ListItem","position":1,"name":"Startseite","item":"https:\/\/mole-punch.de\/"},{"@type":"ListItem","position":2,"name":"AGB"}]},{"@type":"WebSite","@id":"https:\/\/mole-punch.de\/#website","url":"https:\/\/mole-punch.de\/","name":"Mole Punch","description":"","publisher":{"@id":"https:\/\/mole-punch.de\/#organization"},"potentialAction":[{"@type":"SearchAction","target":{"@type":"EntryPoint","urlTemplate":"https:\/\/mole-punch.de\/?s={search_term_string}"},"query-input":{"@type":"PropertyValueSpecification","valueRequired":true,"valueName":"search_term_string"}}],"inLanguage":"en-US"},{"@type":"Organization","@id":"https:\/\/mole-punch.de\/#organization","name":"Mole Punch","url":"https:\/\/mole-punch.de\/","logo":{"@type":"ImageObject","inLanguage":"en-US","@id":"https:\/\/mole-punch.de\/#\/schema\/logo\/image\/","url":"https:\/\/mole-punch.de\/wp-content\/uploads\/2021\/03\/MOLE-Logo-Bildmarke-RGB.jpg","contentUrl":"https:\/\/mole-punch.de\/wp-content\/uploads\/2021\/03\/MOLE-Logo-Bildmarke-RGB.jpg","width":1077,"height":932,"caption":"Mole Punch"},"image":{"@id":"https:\/\/mole-punch.de\/#\/schema\/logo\/image\/"}}]}},"_links":{"self":[{"href":"https:\/\/mole-punch.de\/en\/wp-json\/wp\/v2\/pages\/64","targetHints":{"allow":["GET"]}}],"collection":[{"href":"https:\/\/mole-punch.de\/en\/wp-json\/wp\/v2\/pages"}],"about":[{"href":"https:\/\/mole-punch.de\/en\/wp-json\/wp\/v2\/types\/page"}],"author":[{"embeddable":true,"href":"https:\/\/mole-punch.de\/en\/wp-json\/wp\/v2\/users\/1"}],"replies":[{"embeddable":true,"href":"https:\/\/mole-punch.de\/en\/wp-json\/wp\/v2\/comments?post=64"}],"version-history":[{"count":13,"href":"https:\/\/mole-punch.de\/en\/wp-json\/wp\/v2\/pages\/64\/revisions"}],"predecessor-version":[{"id":399,"href":"https:\/\/mole-punch.de\/en\/wp-json\/wp\/v2\/pages\/64\/revisions\/399"}],"wp:attachment":[{"href":"https:\/\/mole-punch.de\/en\/wp-json\/wp\/v2\/media?parent=64"}],"curies":[{"name":"wp","href":"https:\/\/api.w.org\/{rel}","templated":true}]}}