{"id":60,"date":"2021-03-12T15:08:14","date_gmt":"2021-03-12T14:08:14","guid":{"rendered":"http:\/\/mole-punch.de\/?page_id=60"},"modified":"2026-02-28T13:38:18","modified_gmt":"2026-02-28T12:38:18","slug":"kontakt-skin-punch-tool-mole","status":"publish","type":"page","link":"https:\/\/mole-punch.de\/en\/kontakt-skin-punch-tool-mole\/","title":{"rendered":"Contact"},"content":{"rendered":"<div data-elementor-type=\"wp-page\" data-elementor-id=\"60\" class=\"elementor elementor-60\">\n\t\t\t\t\t\t<section class=\"elementor-section elementor-top-section elementor-element elementor-element-45e0a87 elementor-section-boxed elementor-section-height-default elementor-section-height-default\" data-id=\"45e0a87\" data-element_type=\"section\">\n\t\t\t\t\t\t<div class=\"elementor-container elementor-column-gap-default\">\n\t\t\t\t\t<div class=\"elementor-column elementor-col-100 elementor-top-column elementor-element elementor-element-4e21235\" data-id=\"4e21235\" data-element_type=\"column\">\n\t\t\t<div class=\"elementor-widget-wrap\">\n\t\t\t\t\t\t\t<\/div>\n\t\t<\/div>\n\t\t\t\t\t<\/div>\n\t\t<\/section>\n\t\t\t\t<section class=\"elementor-section elementor-top-section elementor-element elementor-element-3006187 elementor-section-boxed elementor-section-height-default elementor-section-height-default\" data-id=\"3006187\" data-element_type=\"section\">\n\t\t\t\t\t\t<div class=\"elementor-container elementor-column-gap-default\">\n\t\t\t\t\t<div class=\"elementor-column elementor-col-100 elementor-top-column elementor-element elementor-element-8c4c46a\" data-id=\"8c4c46a\" data-element_type=\"column\">\n\t\t\t<div class=\"elementor-widget-wrap elementor-element-populated\">\n\t\t\t\t\t\t<div class=\"elementor-element elementor-element-aac464b elementor-widget elementor-widget-image\" data-id=\"aac464b\" data-element_type=\"widget\" data-widget_type=\"image.default\">\n\t\t\t\t<div class=\"elementor-widget-container\">\n\t\t\t\t\t\t\t\t\t\t\t\t\t\t<a href=\"https:\/\/www.trust-wholesale.de\/Mole-Punch-silikoniert\">\n\t\t\t\t\t\t\t<img fetchpriority=\"high\" decoding=\"async\" width=\"1024\" height=\"404\" src=\"https:\/\/mole-punch.de\/wp-content\/uploads\/2021\/02\/MOLE-Logo-RGB-1024x404.png\" class=\"attachment-large size-large wp-image-9\" alt=\"Skin Punch Tool\" srcset=\"https:\/\/mole-punch.de\/wp-content\/uploads\/2021\/02\/MOLE-Logo-RGB-1024x404.png 1024w, https:\/\/mole-punch.de\/wp-content\/uploads\/2021\/02\/MOLE-Logo-RGB-300x118.png 300w, https:\/\/mole-punch.de\/wp-content\/uploads\/2021\/02\/MOLE-Logo-RGB-768x303.png 768w, https:\/\/mole-punch.de\/wp-content\/uploads\/2021\/02\/MOLE-Logo-RGB-1070x422.png 1070w, https:\/\/mole-punch.de\/wp-content\/uploads\/2021\/02\/MOLE-Logo-RGB.png 1196w\" sizes=\"(max-width: 1024px) 100vw, 1024px\" \/>\t\t\t\t\t\t\t\t<\/a>\n\t\t\t\t\t\t\t\t\t\t\t\t\t<\/div>\n\t\t\t\t<\/div>\n\t\t\t\t<div class=\"elementor-element elementor-element-29ce174 elementor-widget elementor-widget-text-editor\" data-id=\"29ce174\" data-element_type=\"widget\" data-widget_type=\"text-editor.default\">\n\t\t\t\t<div class=\"elementor-widget-container\">\n\t\t\t\t\t\t\t<p><strong style=\"font-size: 16px; line-height: inherit; font-family: 'Helvetica Neue'; text-align: center;\">If you are interested in the&nbsp;<a href=\"https:\/\/www.trust-wholesale.de\/Mole-Punch-silikoniert\" target=\"_blank\" rel=\"noopener\">MOLE SKIN PUNCH<\/a>&nbsp;you can easily obtain these through one of our distribution partners listed below. We sell our TRUST TOOLS exclusively to professional studios.&nbsp;<\/strong><\/p><p><strong style=\"font-size: 16px; line-height: inherit; font-family: 'Helvetica Neue'; text-align: center;\">Unfortunately, we don't provide pricing information over the phone. You can always reach us via email!<\/strong><\/p>\t\t\t\t\t\t<\/div>\n\t\t\t\t<\/div>\n\t\t\t\t\t<\/div>\n\t\t<\/div>\n\t\t\t\t\t<\/div>\n\t\t<\/section>\n\t\t\t\t<section class=\"elementor-section elementor-top-section elementor-element elementor-element-7154cc6 elementor-section-boxed elementor-section-height-default elementor-section-height-default\" data-id=\"7154cc6\" data-element_type=\"section\">\n\t\t\t\t\t\t<div class=\"elementor-container elementor-column-gap-default\">\n\t\t\t\t\t<div class=\"elementor-column elementor-col-100 elementor-top-column elementor-element elementor-element-96add33\" data-id=\"96add33\" data-element_type=\"column\">\n\t\t\t<div class=\"elementor-widget-wrap elementor-element-populated\">\n\t\t\t\t\t\t<div class=\"elementor-element elementor-element-c5aa1c0 elementor-widget elementor-widget-image\" data-id=\"c5aa1c0\" data-element_type=\"widget\" data-widget_type=\"image.default\">\n\t\t\t\t<div class=\"elementor-widget-container\">\n\t\t\t\t\t\t\t\t\t\t\t\t\t\t<a href=\"https:\/\/www.trust-wholesale.de\/Mole-Punch-silikoniert\">\n\t\t\t\t\t\t\t<img decoding=\"async\" width=\"150\" height=\"150\" src=\"https:\/\/mole-punch.de\/wp-content\/uploads\/2021\/03\/MOLE-icon-RGB-150x150.png\" class=\"attachment-thumbnail size-thumbnail wp-image-84\" alt=\"Skin Punch Tool\" \/>\t\t\t\t\t\t\t\t<\/a>\n\t\t\t\t\t\t\t\t\t\t\t\t\t<\/div>\n\t\t\t\t<\/div>\n\t\t\t\t<div class=\"elementor-element elementor-element-43d6294 elementor-widget-divider--view-line elementor-widget elementor-widget-divider\" data-id=\"43d6294\" data-element_type=\"widget\" data-widget_type=\"divider.default\">\n\t\t\t\t<div class=\"elementor-widget-container\">\n\t\t\t\t\t<div class=\"elementor-divider\">\n\t\t\t<span class=\"elementor-divider-separator\">\n\t\t\t\t\t\t<\/span>\n\t\t<\/div>\n\t\t\t\t<\/div>\n\t\t\t\t<\/div>\n\t\t\t\t\t<\/div>\n\t\t<\/div>\n\t\t\t\t\t<\/div>\n\t\t<\/section>\n\t\t\t\t<section class=\"elementor-section elementor-top-section elementor-element elementor-element-f3f1b2c elementor-section-boxed elementor-section-height-default elementor-section-height-default\" data-id=\"f3f1b2c\" data-element_type=\"section\">\n\t\t\t\t\t\t<div class=\"elementor-container elementor-column-gap-default\">\n\t\t\t\t\t<div class=\"elementor-column elementor-col-66 elementor-top-column elementor-element elementor-element-d0bba3d\" data-id=\"d0bba3d\" data-element_type=\"column\">\n\t\t\t<div class=\"elementor-widget-wrap elementor-element-populated\">\n\t\t\t\t\t\t<div class=\"elementor-element elementor-element-7ebfc27 elementor-widget elementor-widget-heading\" data-id=\"7ebfc27\" data-element_type=\"widget\" data-widget_type=\"heading.default\">\n\t\t\t\t<div class=\"elementor-widget-container\">\n\t\t\t<h2 class=\"elementor-heading-title elementor-size-default\">Distributors of our<br>MOLE SKIN PUNCH TOOL<\/h2>\t\t<\/div>\n\t\t\t\t<\/div>\n\t\t\t\t<div class=\"elementor-element elementor-element-9bbe877 elementor-tabs-view-vertical elementor-widget elementor-widget-tabs\" data-id=\"9bbe877\" data-element_type=\"widget\" data-widget_type=\"tabs.default\">\n\t\t\t\t<div class=\"elementor-widget-container\">\n\t\t\t\t\t<div class=\"elementor-tabs\">\n\t\t\t<div class=\"elementor-tabs-wrapper\" role=\"tablist\" >\n\t\t\t\t\t\t\t\t\t<div id=\"elementor-tab-title-1631\" class=\"elementor-tab-title elementor-tab-desktop-title\" aria-selected=\"true\" data-tab=\"1\" role=\"tab\" tabindex=\"0\" aria-controls=\"elementor-tab-content-1631\" aria-expanded=\"false\">Germany<\/div>\n\t\t\t\t\t\t\t\t\t<div id=\"elementor-tab-title-1632\" class=\"elementor-tab-title elementor-tab-desktop-title\" aria-selected=\"false\" data-tab=\"2\" role=\"tab\" tabindex=\"-1\" aria-controls=\"elementor-tab-content-1632\" aria-expanded=\"false\">Canada<\/div>\n\t\t\t\t\t\t\t\t\t<div id=\"elementor-tab-title-1633\" class=\"elementor-tab-title elementor-tab-desktop-title\" aria-selected=\"false\" data-tab=\"3\" role=\"tab\" tabindex=\"-1\" aria-controls=\"elementor-tab-content-1633\" aria-expanded=\"false\">Nepal<\/div>\n\t\t\t\t\t\t\t\t\t<div id=\"elementor-tab-title-1634\" class=\"elementor-tab-title elementor-tab-desktop-title\" aria-selected=\"false\" data-tab=\"4\" role=\"tab\" tabindex=\"-1\" aria-controls=\"elementor-tab-content-1634\" aria-expanded=\"false\">Switzerland<\/div>\n\t\t\t\t\t\t\t\t\t<div id=\"elementor-tab-title-1635\" class=\"elementor-tab-title elementor-tab-desktop-title\" aria-selected=\"false\" data-tab=\"5\" role=\"tab\" tabindex=\"-1\" aria-controls=\"elementor-tab-content-1635\" aria-expanded=\"false\">Spain<\/div>\n\t\t\t\t\t\t\t\t\t<div id=\"elementor-tab-title-1636\" class=\"elementor-tab-title elementor-tab-desktop-title\" aria-selected=\"false\" data-tab=\"6\" role=\"tab\" tabindex=\"-1\" aria-controls=\"elementor-tab-content-1636\" aria-expanded=\"false\">Czech Republic<\/div>\n\t\t\t\t\t\t\t\t\t<div id=\"elementor-tab-title-1637\" class=\"elementor-tab-title elementor-tab-desktop-title\" aria-selected=\"false\" data-tab=\"7\" role=\"tab\" tabindex=\"-1\" aria-controls=\"elementor-tab-content-1637\" aria-expanded=\"false\">USA<\/div>\n\t\t\t\t\t\t\t<\/div>\n\t\t\t<div class=\"elementor-tabs-content-wrapper\" role=\"tablist\" aria-orientation=\"vertical\">\n\t\t\t\t\t\t\t\t\t<div class=\"elementor-tab-title elementor-tab-mobile-title\" aria-selected=\"true\" data-tab=\"1\" role=\"tab\" tabindex=\"0\" aria-controls=\"elementor-tab-content-1631\" aria-expanded=\"false\">Germany<\/div>\n\t\t\t\t\t<div id=\"elementor-tab-content-1631\" class=\"elementor-tab-content elementor-clearfix\" data-tab=\"1\" role=\"tabpanel\" aria-labelledby=\"elementor-tab-title-1631\" tabindex=\"0\" hidden=\"false\"><p style=\"font-size: 16px;\"><a href=\"https:\/\/www.trust-wholesale.de\/Mole-Punch-silikoniert\" target=\"_blank\" rel=\"noopener\"><strong>\u2022 TRUST Tools &amp; Products<\/strong><\/a><\/p><p style=\"font-size: 12px;\">Soldnerstr. 11<br \/>68219 Mannheim<\/p><p style=\"font-size: 12px;\"><strong>+49 621 7482 4870<\/strong><br \/><a href=\"mailto:info(at)mole-punch.de\" target=\"_blank\" rel=\"noopener\"><strong>info(at)mole-punch.de<\/strong><\/a><\/p><p style=\"font-size: 16px;\"><a href=\"https:\/\/pierce-clave.de\/verbrauchsmaterialien\/nadeln\/piercing\/mole-punch-silikoniert-sw10170\" target=\"_blank\" rel=\"noopener\"><strong>\u2022 Pierce Clave<\/strong><\/a><\/p><p style=\"font-size: 12px;\">Heimgartenweg 10<br \/>48599 Gronau<\/p><p style=\"font-size: 12px;\"><strong>017661605111<br \/><a href=\"mailto:einkauf@pierce-clave.com\" target=\"_blank\" rel=\"noopener\">einkauf@pierce-clave.com<\/a><br \/><\/strong><\/p><p style=\"font-size: 16px;\"><a href=\"https:\/\/www.fixink.de\/de\/aftercare\/trust-tools-products\/mole-punch\" target=\"_blank\" rel=\"noopener\"><strong>\u2022 Fix Ink<\/strong><\/a><\/p><p style=\"font-size: 12px;\">Friesenstr. 2<br \/>75177 Pforzheim<\/p><p style=\"font-size: 12px;\"><strong>07231-1559250<br \/><a href=\"mailto:info@fixink.de\" target=\"_blank\" rel=\"noopener\"><strong>info@fixink.de<\/strong><\/a><\/strong><\/p><\/div>\n\t\t\t\t\t\t\t\t\t<div class=\"elementor-tab-title elementor-tab-mobile-title\" aria-selected=\"false\" data-tab=\"2\" role=\"tab\" tabindex=\"-1\" aria-controls=\"elementor-tab-content-1632\" aria-expanded=\"false\">Canada<\/div>\n\t\t\t\t\t<div id=\"elementor-tab-content-1632\" class=\"elementor-tab-content elementor-clearfix\" data-tab=\"2\" role=\"tabpanel\" aria-labelledby=\"elementor-tab-title-1632\" tabindex=\"0\" hidden=\"hidden\"><p style=\"font-size: 16px;\"><a href=\"https:\/\/www.trinitybj.com\/sterilized-biopsy-punch-box-of-50-pt36-box\" target=\"_blank\" rel=\"noopener\"><strong>\u2022 TRINITY BODY JEWELRY<\/strong><\/a><\/p><p style=\"font-size: 14px;\">4717 rue Louis B. Mayer<br \/>H7P 6G5 Laval Quebec<\/p><p style=\"font-size: 12px;\"><strong>1-888-336-1568<br \/><a href=\"mailto:accounting@trinitybj.com\">accounting@trinitybj.com<\/a><\/strong><\/p><\/div>\n\t\t\t\t\t\t\t\t\t<div class=\"elementor-tab-title elementor-tab-mobile-title\" aria-selected=\"false\" data-tab=\"3\" role=\"tab\" tabindex=\"-1\" aria-controls=\"elementor-tab-content-1633\" aria-expanded=\"false\">Nepal<\/div>\n\t\t\t\t\t<div id=\"elementor-tab-content-1633\" class=\"elementor-tab-content elementor-clearfix\" data-tab=\"3\" role=\"tabpanel\" aria-labelledby=\"elementor-tab-title-1633\" tabindex=\"0\" hidden=\"hidden\"><p style=\"font-size: 16px;\"><span style=\"color: #000000;\"><a href=\"https:\/\/www.facebook.com\/TikejhyaTa2\/?locale=de_DE\" target=\"_blank\" rel=\"noopener\"><strong>\u2022 <span class=\"x1lliihq x1plvlek xryxfnj x1n2onr6 x193iq5w xeuugli x1fj9vlw x13faqbe x1vvkbs x1s928wv xhkezso x1gmr53x x1cpjm7i x1fgarty x1943h6x x1i0vuye xvs91rp x1s688f x5n08af x10wh9bi x1wdrske x8viiok x18hxmgj\" dir=\"auto\">Tik&#8217;e Jhya<\/span> Tattoo Supplier<\/strong><\/a><\/span><\/p><p style=\"font-size: 14px;\">Freak Street<br \/>44600 Kathmandu<\/p><p style=\"font-size: 14px;\"><strong><span class=\"x193iq5w xeuugli x13faqbe x1vvkbs x1xmvt09 x1lliihq x1s928wv xhkezso x1gmr53x x1cpjm7i x1fgarty x1943h6x xudqn12 x3x7a5m x6prxxf xvq8zen xo1l8bm xzsf02u x1yc453h\" dir=\"auto\">+977 1-5360786<\/span><\/strong><br \/><strong><a href=\"\/en\/tiketattoo@yahoo.com\/\" target=\"_blank\" rel=\"noopener\">tiketattoo@yahoo.com<\/a><\/strong><\/p><\/div>\n\t\t\t\t\t\t\t\t\t<div class=\"elementor-tab-title elementor-tab-mobile-title\" aria-selected=\"false\" data-tab=\"4\" role=\"tab\" tabindex=\"-1\" aria-controls=\"elementor-tab-content-1634\" aria-expanded=\"false\">Switzerland<\/div>\n\t\t\t\t\t<div id=\"elementor-tab-content-1634\" class=\"elementor-tab-content elementor-clearfix\" data-tab=\"4\" role=\"tabpanel\" aria-labelledby=\"elementor-tab-title-1634\" tabindex=\"0\" hidden=\"hidden\"><p style=\"font-size: 16px;\"><a href=\"https:\/\/www.pullmann.ch\/de-CH\/search-piercing\/by\/product-lines\/c873738a-88df-469d-bc0d-827909e53314\" target=\"_blank\" rel=\"noopener\"><strong>\u2022 Pullmann Tools GmbH<\/strong><\/a><\/p><p style=\"font-size: 12px;\">Espenstr. 137<br \/>9443 Widnau<\/p><p style=\"font-size: 12px;\"><strong>0041718900470<br \/><\/strong><br \/><a href=\"\/en\/info@pullmann.ch\/\" target=\"_blank\" rel=\"noopener\"><strong>info@pullmann.ch<\/strong><\/a><\/p><\/div>\n\t\t\t\t\t\t\t\t\t<div class=\"elementor-tab-title elementor-tab-mobile-title\" aria-selected=\"false\" data-tab=\"5\" role=\"tab\" tabindex=\"-1\" aria-controls=\"elementor-tab-content-1635\" aria-expanded=\"false\">Spain<\/div>\n\t\t\t\t\t<div id=\"elementor-tab-content-1635\" class=\"elementor-tab-content elementor-clearfix\" data-tab=\"5\" role=\"tabpanel\" aria-labelledby=\"elementor-tab-title-1635\" tabindex=\"0\" hidden=\"hidden\"><p style=\"font-size: 16px;\"><a href=\"https:\/\/www.abj99.com\/de\/\" target=\"_blank\" rel=\"noopener\"><strong>\u2022 AMAZING BODY JEWELRY<\/strong><\/a><\/p><p style=\"font-size: 12px;\">C\/ Bonastruc de Porta 3<br \/>17001 Girona<\/p><p style=\"font-size: 12px;\"><strong>+34972 22 74 15<\/strong><br \/><a href=\"\/en\/santi@abj99.com\/\" target=\"_blank\" rel=\"noopener\"><strong>santi@abj99.com<\/strong><\/a><\/p><\/div>\n\t\t\t\t\t\t\t\t\t<div class=\"elementor-tab-title elementor-tab-mobile-title\" aria-selected=\"false\" data-tab=\"6\" role=\"tab\" tabindex=\"-1\" aria-controls=\"elementor-tab-content-1636\" aria-expanded=\"false\">Czech Republic<\/div>\n\t\t\t\t\t<div id=\"elementor-tab-content-1636\" class=\"elementor-tab-content elementor-clearfix\" data-tab=\"6\" role=\"tabpanel\" aria-labelledby=\"elementor-tab-title-1636\" tabindex=\"0\" hidden=\"hidden\"><p style=\"font-size: 16px;\"><a href=\"https:\/\/www.celtic-supply.cz\/silikonovy-mole-puncher\/\" target=\"_blank\" rel=\"noopener\"><span style=\"color: #000000;\"><strong><span style=\"color: #003d56;\">\u2022 Celtic Supply s.r.o.<\/span><\/strong><\/span><\/a><\/p><p style=\"font-size: 14px;\">U Prioru 804\/3<br \/>16100 Praha 6<\/p><p style=\"font-size: 12px;\"><strong>+420 603434162<br \/><a href=\"mailto:celticsupply@gmail.com\">celticsupply@gmail.com<\/a><br \/><\/strong><\/p><\/div>\n\t\t\t\t\t\t\t\t\t<div class=\"elementor-tab-title elementor-tab-mobile-title\" aria-selected=\"false\" data-tab=\"7\" role=\"tab\" tabindex=\"-1\" aria-controls=\"elementor-tab-content-1637\" aria-expanded=\"false\">USA<\/div>\n\t\t\t\t\t<div id=\"elementor-tab-content-1637\" class=\"elementor-tab-content elementor-clearfix\" data-tab=\"7\" role=\"tabpanel\" aria-labelledby=\"elementor-tab-title-1637\" tabindex=\"0\" hidden=\"hidden\"><p style=\"font-size: 16px;\"><a href=\"https:\/\/store.stevehaworth.com\/products\/mole-punch?_pos=1&amp;_sid=b98b252de&amp;_ss=r\" target=\"blank_\"><span style=\"color: #000000;\"><strong><span style=\"color: #003d56;\">\u2022 Steve Haworth Modified LLC <\/span><\/strong><\/span><\/a><\/p><p style=\"font-size: 14px;\">515 E Juanita Ave<br \/>85204 Phoenix, Arizona<\/p><p style=\"font-size: 12px;\"><strong>+48 0442 7499<br \/><a href=\"mailto:stevehaworthretailsales@gmail.com\">stevehaworthretailsales@gmail.com<\/a><br \/><\/strong><\/p><\/div>\n\t\t\t\t\t\t\t<\/div>\n\t\t<\/div>\n\t\t\t\t<\/div>\n\t\t\t\t<\/div>\n\t\t\t\t<div class=\"elementor-element elementor-element-e0e1786 elementor-widget elementor-widget-spacer\" data-id=\"e0e1786\" data-element_type=\"widget\" data-widget_type=\"spacer.default\">\n\t\t\t\t<div class=\"elementor-widget-container\">\n\t\t\t\t\t<div class=\"elementor-spacer\">\n\t\t\t<div class=\"elementor-spacer-inner\"><\/div>\n\t\t<\/div>\n\t\t\t\t<\/div>\n\t\t\t\t<\/div>\n\t\t\t\t\t<\/div>\n\t\t<\/div>\n\t\t\t\t<div class=\"elementor-column elementor-col-33 elementor-top-column elementor-element elementor-element-e27f817\" data-id=\"e27f817\" data-element_type=\"column\">\n\t\t\t<div class=\"elementor-widget-wrap\">\n\t\t\t\t\t\t\t<\/div>\n\t\t<\/div>\n\t\t\t\t\t<\/div>\n\t\t<\/section>\n\t\t\t\t<\/div>","protected":false},"excerpt":{"rendered":"<p>Bei Interesse an den&nbsp;MOLE SKIN PUNCH&nbsp;TOOL&nbsp;kann man diese einfach \u00fcber einen unserer unten gelisteten Vertriebspartner:innen beziehen. Wir verkaufen unsere TRUST TOOLS exklusiv an professionelle Studios.&nbsp; Wir erteilen leider keine Preisausk\u00fcnfte per Telefon. Ihr k\u00f6nnt uns jederzeit via E-Mail erreichen! Vertriebspartner:innen f\u00fcr unserMOLE SKIN PUNCH TOOL DEUTSCHLAND KANADA NEPAL SCHWEIZ SPANIEN TSCHECHIEN USA DEUTSCHLAND \u2022 TRUST&nbsp;&#8230;<\/p>","protected":false},"author":1,"featured_media":0,"parent":0,"menu_order":7,"comment_status":"closed","ping_status":"closed","template":"elementor_header_footer","meta":{"footnotes":""},"class_list":["post-60","page","type-page","status-publish","hentry"],"yoast_head":"<!-- This site is optimized with the Yoast SEO plugin v23.7 - https:\/\/yoast.com\/wordpress\/plugins\/seo\/ -->\n<title>Skin Punch Tool MOLE - Best f\u00fcr Dermal Anchors &amp; Ear Punches<\/title>\n<meta name=\"description\" content=\"Unser MOLE ist das besten Skin Punch Tool f\u00fcr Dermal Anchors und Ear Punches. Kontaktiere uns und finde unser Vertriebspartner:innen hier!\" \/>\n<meta name=\"robots\" content=\"index, follow, max-snippet:-1, max-image-preview:large, max-video-preview:-1\" \/>\n<link rel=\"canonical\" href=\"https:\/\/mole-punch.de\/en\/kontakt-skin-punch-tool-mole\/\" \/>\n<meta property=\"og:locale\" content=\"en_US\" \/>\n<meta property=\"og:type\" content=\"article\" \/>\n<meta property=\"og:title\" content=\"Skin Punch Tool MOLE - Best f\u00fcr Dermal Anchors &amp; Ear Punches\" \/>\n<meta property=\"og:description\" content=\"Unser MOLE ist das besten Skin Punch Tool f\u00fcr Dermal Anchors und Ear Punches. Kontaktiere uns und finde unser Vertriebspartner:innen hier!\" \/>\n<meta property=\"og:url\" content=\"https:\/\/mole-punch.de\/en\/kontakt-skin-punch-tool-mole\/\" \/>\n<meta property=\"og:site_name\" content=\"Mole Punch\" \/>\n<meta property=\"article:modified_time\" content=\"2026-02-28T12:38:18+00:00\" \/>\n<meta property=\"og:image\" content=\"https:\/\/mole-punch.de\/wp-content\/uploads\/2021\/02\/MOLE-Logo-RGB.png\" \/>\n\t<meta property=\"og:image:width\" content=\"1196\" \/>\n\t<meta property=\"og:image:height\" content=\"472\" \/>\n\t<meta property=\"og:image:type\" content=\"image\/png\" \/>\n<meta name=\"twitter:card\" content=\"summary_large_image\" \/>\n<meta name=\"twitter:label1\" content=\"Est. reading time\" \/>\n\t<meta name=\"twitter:data1\" content=\"2 minutes\" \/>\n<script type=\"application\/ld+json\" class=\"yoast-schema-graph\">{\"@context\":\"https:\/\/schema.org\",\"@graph\":[{\"@type\":\"WebPage\",\"@id\":\"https:\/\/mole-punch.de\/kontakt-skin-punch-tool-mole\/\",\"url\":\"https:\/\/mole-punch.de\/kontakt-skin-punch-tool-mole\/\",\"name\":\"Skin Punch Tool MOLE - Best f\u00fcr Dermal Anchors & Ear Punches\",\"isPartOf\":{\"@id\":\"https:\/\/mole-punch.de\/#website\"},\"primaryImageOfPage\":{\"@id\":\"https:\/\/mole-punch.de\/kontakt-skin-punch-tool-mole\/#primaryimage\"},\"image\":{\"@id\":\"https:\/\/mole-punch.de\/kontakt-skin-punch-tool-mole\/#primaryimage\"},\"thumbnailUrl\":\"http:\/\/mole-punch.de\/wp-content\/uploads\/2021\/02\/MOLE-Logo-RGB-1024x404.png\",\"datePublished\":\"2021-03-12T14:08:14+00:00\",\"dateModified\":\"2026-02-28T12:38:18+00:00\",\"description\":\"Unser MOLE ist das besten Skin Punch Tool f\u00fcr Dermal Anchors und Ear Punches. Kontaktiere uns und finde unser Vertriebspartner:innen hier!\",\"breadcrumb\":{\"@id\":\"https:\/\/mole-punch.de\/kontakt-skin-punch-tool-mole\/#breadcrumb\"},\"inLanguage\":\"en-US\",\"potentialAction\":[{\"@type\":\"ReadAction\",\"target\":[\"https:\/\/mole-punch.de\/kontakt-skin-punch-tool-mole\/\"]}]},{\"@type\":\"ImageObject\",\"inLanguage\":\"en-US\",\"@id\":\"https:\/\/mole-punch.de\/kontakt-skin-punch-tool-mole\/#primaryimage\",\"url\":\"http:\/\/mole-punch.de\/wp-content\/uploads\/2021\/02\/MOLE-Logo-RGB-1024x404.png\",\"contentUrl\":\"http:\/\/mole-punch.de\/wp-content\/uploads\/2021\/02\/MOLE-Logo-RGB-1024x404.png\"},{\"@type\":\"BreadcrumbList\",\"@id\":\"https:\/\/mole-punch.de\/kontakt-skin-punch-tool-mole\/#breadcrumb\",\"itemListElement\":[{\"@type\":\"ListItem\",\"position\":1,\"name\":\"Startseite\",\"item\":\"https:\/\/mole-punch.de\/\"},{\"@type\":\"ListItem\",\"position\":2,\"name\":\"Kontakt\"}]},{\"@type\":\"WebSite\",\"@id\":\"https:\/\/mole-punch.de\/#website\",\"url\":\"https:\/\/mole-punch.de\/\",\"name\":\"Mole Punch\",\"description\":\"\",\"publisher\":{\"@id\":\"https:\/\/mole-punch.de\/#organization\"},\"potentialAction\":[{\"@type\":\"SearchAction\",\"target\":{\"@type\":\"EntryPoint\",\"urlTemplate\":\"https:\/\/mole-punch.de\/?s={search_term_string}\"},\"query-input\":{\"@type\":\"PropertyValueSpecification\",\"valueRequired\":true,\"valueName\":\"search_term_string\"}}],\"inLanguage\":\"en-US\"},{\"@type\":\"Organization\",\"@id\":\"https:\/\/mole-punch.de\/#organization\",\"name\":\"Mole Punch\",\"url\":\"https:\/\/mole-punch.de\/\",\"logo\":{\"@type\":\"ImageObject\",\"inLanguage\":\"en-US\",\"@id\":\"https:\/\/mole-punch.de\/#\/schema\/logo\/image\/\",\"url\":\"https:\/\/mole-punch.de\/wp-content\/uploads\/2021\/03\/MOLE-Logo-Bildmarke-RGB.jpg\",\"contentUrl\":\"https:\/\/mole-punch.de\/wp-content\/uploads\/2021\/03\/MOLE-Logo-Bildmarke-RGB.jpg\",\"width\":1077,\"height\":932,\"caption\":\"Mole Punch\"},\"image\":{\"@id\":\"https:\/\/mole-punch.de\/#\/schema\/logo\/image\/\"}}]}<\/script>\n<!-- \/ Yoast SEO plugin. -->","yoast_head_json":{"title":"Skin Punch Tool MOLE - Best f\u00fcr Dermal Anchors & Ear Punches","description":"Unser MOLE ist das besten Skin Punch Tool f\u00fcr Dermal Anchors und Ear Punches. Kontaktiere uns und finde unser Vertriebspartner:innen hier!","robots":{"index":"index","follow":"follow","max-snippet":"max-snippet:-1","max-image-preview":"max-image-preview:large","max-video-preview":"max-video-preview:-1"},"canonical":"https:\/\/mole-punch.de\/en\/kontakt-skin-punch-tool-mole\/","og_locale":"en_US","og_type":"article","og_title":"Skin Punch Tool MOLE - Best f\u00fcr Dermal Anchors & Ear Punches","og_description":"Unser MOLE ist das besten Skin Punch Tool f\u00fcr Dermal Anchors und Ear Punches. Kontaktiere uns und finde unser Vertriebspartner:innen hier!","og_url":"https:\/\/mole-punch.de\/en\/kontakt-skin-punch-tool-mole\/","og_site_name":"Mole Punch","article_modified_time":"2026-02-28T12:38:18+00:00","og_image":[{"width":1196,"height":472,"url":"https:\/\/mole-punch.de\/wp-content\/uploads\/2021\/02\/MOLE-Logo-RGB.png","type":"image\/png"}],"twitter_card":"summary_large_image","twitter_misc":{"Est. reading time":"2 minutes"},"schema":{"@context":"https:\/\/schema.org","@graph":[{"@type":"WebPage","@id":"https:\/\/mole-punch.de\/kontakt-skin-punch-tool-mole\/","url":"https:\/\/mole-punch.de\/kontakt-skin-punch-tool-mole\/","name":"Skin Punch Tool MOLE - Best f\u00fcr Dermal Anchors & Ear Punches","isPartOf":{"@id":"https:\/\/mole-punch.de\/#website"},"primaryImageOfPage":{"@id":"https:\/\/mole-punch.de\/kontakt-skin-punch-tool-mole\/#primaryimage"},"image":{"@id":"https:\/\/mole-punch.de\/kontakt-skin-punch-tool-mole\/#primaryimage"},"thumbnailUrl":"http:\/\/mole-punch.de\/wp-content\/uploads\/2021\/02\/MOLE-Logo-RGB-1024x404.png","datePublished":"2021-03-12T14:08:14+00:00","dateModified":"2026-02-28T12:38:18+00:00","description":"Unser MOLE ist das besten Skin Punch Tool f\u00fcr Dermal Anchors und Ear Punches. Kontaktiere uns und finde unser Vertriebspartner:innen hier!","breadcrumb":{"@id":"https:\/\/mole-punch.de\/kontakt-skin-punch-tool-mole\/#breadcrumb"},"inLanguage":"en-US","potentialAction":[{"@type":"ReadAction","target":["https:\/\/mole-punch.de\/kontakt-skin-punch-tool-mole\/"]}]},{"@type":"ImageObject","inLanguage":"en-US","@id":"https:\/\/mole-punch.de\/kontakt-skin-punch-tool-mole\/#primaryimage","url":"http:\/\/mole-punch.de\/wp-content\/uploads\/2021\/02\/MOLE-Logo-RGB-1024x404.png","contentUrl":"http:\/\/mole-punch.de\/wp-content\/uploads\/2021\/02\/MOLE-Logo-RGB-1024x404.png"},{"@type":"BreadcrumbList","@id":"https:\/\/mole-punch.de\/kontakt-skin-punch-tool-mole\/#breadcrumb","itemListElement":[{"@type":"ListItem","position":1,"name":"Startseite","item":"https:\/\/mole-punch.de\/"},{"@type":"ListItem","position":2,"name":"Kontakt"}]},{"@type":"WebSite","@id":"https:\/\/mole-punch.de\/#website","url":"https:\/\/mole-punch.de\/","name":"Mole Punch","description":"","publisher":{"@id":"https:\/\/mole-punch.de\/#organization"},"potentialAction":[{"@type":"SearchAction","target":{"@type":"EntryPoint","urlTemplate":"https:\/\/mole-punch.de\/?s={search_term_string}"},"query-input":{"@type":"PropertyValueSpecification","valueRequired":true,"valueName":"search_term_string"}}],"inLanguage":"en-US"},{"@type":"Organization","@id":"https:\/\/mole-punch.de\/#organization","name":"Mole Punch","url":"https:\/\/mole-punch.de\/","logo":{"@type":"ImageObject","inLanguage":"en-US","@id":"https:\/\/mole-punch.de\/#\/schema\/logo\/image\/","url":"https:\/\/mole-punch.de\/wp-content\/uploads\/2021\/03\/MOLE-Logo-Bildmarke-RGB.jpg","contentUrl":"https:\/\/mole-punch.de\/wp-content\/uploads\/2021\/03\/MOLE-Logo-Bildmarke-RGB.jpg","width":1077,"height":932,"caption":"Mole Punch"},"image":{"@id":"https:\/\/mole-punch.de\/#\/schema\/logo\/image\/"}}]}},"_links":{"self":[{"href":"https:\/\/mole-punch.de\/en\/wp-json\/wp\/v2\/pages\/60","targetHints":{"allow":["GET"]}}],"collection":[{"href":"https:\/\/mole-punch.de\/en\/wp-json\/wp\/v2\/pages"}],"about":[{"href":"https:\/\/mole-punch.de\/en\/wp-json\/wp\/v2\/types\/page"}],"author":[{"embeddable":true,"href":"https:\/\/mole-punch.de\/en\/wp-json\/wp\/v2\/users\/1"}],"replies":[{"embeddable":true,"href":"https:\/\/mole-punch.de\/en\/wp-json\/wp\/v2\/comments?post=60"}],"version-history":[{"count":131,"href":"https:\/\/mole-punch.de\/en\/wp-json\/wp\/v2\/pages\/60\/revisions"}],"predecessor-version":[{"id":779,"href":"https:\/\/mole-punch.de\/en\/wp-json\/wp\/v2\/pages\/60\/revisions\/779"}],"wp:attachment":[{"href":"https:\/\/mole-punch.de\/en\/wp-json\/wp\/v2\/media?parent=60"}],"curies":[{"name":"wp","href":"https:\/\/api.w.org\/{rel}","templated":true}]}}