{"id":157,"date":"2021-04-11T13:13:06","date_gmt":"2021-04-11T11:13:06","guid":{"rendered":"http:\/\/mole-punch.de\/?page_id=157"},"modified":"2021-06-03T00:10:52","modified_gmt":"2021-06-02T22:10:52","slug":"data-protection","status":"publish","type":"page","link":"https:\/\/mole-punch.de\/en\/data-protection\/","title":{"rendered":"Data Protection"},"content":{"rendered":"<div data-elementor-type=\"wp-page\" data-elementor-id=\"157\" class=\"elementor elementor-157\">\n\t\t\t\t\t\t<section class=\"elementor-section elementor-top-section elementor-element elementor-element-89cbb11 elementor-section-boxed elementor-section-height-default elementor-section-height-default\" data-id=\"89cbb11\" data-element_type=\"section\">\n\t\t\t\t\t\t<div class=\"elementor-container elementor-column-gap-default\">\n\t\t\t\t\t<div class=\"elementor-column elementor-col-100 elementor-top-column elementor-element elementor-element-0ee9c63\" data-id=\"0ee9c63\" data-element_type=\"column\">\n\t\t\t<div class=\"elementor-widget-wrap\">\n\t\t\t\t\t\t\t<\/div>\n\t\t<\/div>\n\t\t\t\t\t<\/div>\n\t\t<\/section>\n\t\t\t\t<section class=\"elementor-section elementor-top-section elementor-element elementor-element-490fc79 elementor-section-boxed elementor-section-height-default elementor-section-height-default\" data-id=\"490fc79\" data-element_type=\"section\">\n\t\t\t\t\t\t<div class=\"elementor-container elementor-column-gap-default\">\n\t\t\t\t\t<div class=\"elementor-column elementor-col-100 elementor-top-column elementor-element elementor-element-0a41d50\" data-id=\"0a41d50\" data-element_type=\"column\">\n\t\t\t<div class=\"elementor-widget-wrap elementor-element-populated\">\n\t\t\t\t\t\t<div class=\"elementor-element elementor-element-7650eef elementor-widget elementor-widget-heading\" data-id=\"7650eef\" data-element_type=\"widget\" data-widget_type=\"heading.default\">\n\t\t\t\t<div class=\"elementor-widget-container\">\n\t\t\t<h2 class=\"elementor-heading-title elementor-size-default\">Data Protection<\/h2>\t\t<\/div>\n\t\t\t\t<\/div>\n\t\t\t\t<div class=\"elementor-element elementor-element-92fce60 elementor-widget elementor-widget-text-editor\" data-id=\"92fce60\" data-element_type=\"widget\" data-widget_type=\"text-editor.default\">\n\t\t\t\t<div class=\"elementor-widget-container\">\n\t\t\t\t\t\t\t<div id=\"gt-res-content\"><div id=\"gt-res-dir-ctr\" class=\"trans-verified-button-small\" dir=\"ltr\"><p><strong><span id=\"result_box\" lang=\"en\"><span title=\"Datenschutz\">Data protection<\/span>\u00a0according to\u00a0<\/span>DSGVO<\/strong><\/p><p><span lang=\"en\"><strong><span title=\"Datenschutzerkl\u00e4rung \">Privacy Policy<\/span><\/strong><br \/><span title=\"Wir freuen uns \u00fcber Ihr Interesse an unserer Website.\">We appreciate your interest in our website.\u00a0<\/span><span title=\"Der Schutz Ihrer Privatsph\u00e4re ist f\u00fcr uns sehr wichtig.\">Protecting your privacy is very important to us.\u00a0<\/span><span title=\"Nachstehend informieren wir Sie ausf\u00fchrlich \u00fcber den Umgang mit Ihren Daten.\">We will provide you with detailed information on the handling of your data according to the new DSGVO.<\/span><\/span><\/p><\/div><div class=\"trans-verified-button-small\" dir=\"ltr\">\u00a0<\/div><div class=\"trans-verified-button-small\" dir=\"ltr\"><p><span id=\"result_box\" lang=\"en\"><strong><span title=\"Was genau machen wir mit Ihren Daten? \">What exactly do we do with your data?<\/span><\/strong><br \/><span title=\"Um eine Bestellung zu bearbeiten und einen Auftrag daraus zu generieren, ben\u00f6tigen wir von Ihnen Auskunft z.B.\">In order to process an order and generate an invoice from it, we need information from you, e.g.\u00a0<\/span><span title=\"\u00fcber Namen, Adresse, Telefonnummer und eMail.\">about name, address, telephone number and eMail.\u00a0<\/span><span title=\"Diese Daten werden in dem Zusammenhang mit der Bestellung und Rechnungserstellung bei uns gespeichert und m\u00fcssen aus gesetzlichen Gr\u00fcnden 10 Jahre bei uns in Papierform gelagert werden.\">These data are stored in connection with the order and billing with us and must be legally stored for 10 years with us in paper form.\u00a0<\/span><span title=\"Solange erhalten wir die Daten auch im Warenwirtschaftssystem, damit im Falle einer gesetzlichen Nachfrage, wir die Unterlagen in Papierform auch wiederfinden k\u00f6nnen.\">As long as we receive the data also in the merchandise management system, so that in the case of a legal demand, we can also find the documents in paper form.\u00a0<\/span><span title=\"Nach dieser Aufbewahrungsfrist, werden die Unterlagen und die Daten vernichtet, bzw. gel\u00f6scht.\">After this retention period, the documents and the data will be destroyed or deleted.\u00a0<\/span><span title=\"Im Warenwirtschaftssystem behalten wir die Daten auf Wunsch gerne l\u00e4nger, falls Sie nach wie vor Bestellungen t\u00e4tigen und Sie als Kunde langfristig gef\u00fchrt werden m\u00f6chten.\">In the merchandise management system, we will gladly keep the data longer if you still want to place orders and you want to be managed as a long-term customer.\u00a0<\/span><span title=\"Denn auch langfristige Kundenbindung ist etwas sehr wichtiges heute und dazu geh\u00f6rt auch die Historie. \">After all, long-term customer loyalty is something very important today and that includes history as well.<\/span><br \/><span title=\"In dieser Zeit machen wir Datenerhebungen, um mit deren Hilfe uns stetig zu verbessern.\">During this time, we are doing data surveys in order to constantly improve them.\u00a0<\/span><span title=\"Diese Statistiken dienen ausschlie\u00dflich internen Zwecken und werden nicht weitergegeben. \">These statistics are for internal purposes only and will not be disclosed.<\/span><br \/><span title=\"Kundenkonten, die zu keiner Bestellung f\u00fchrten und keinen Newsletter abonniert haben, l\u00f6schen wir nach 3 Jahren oder auf Wunsch auch gerne fr\u00fcher. \">Customer accounts that did not lead to an order and have not subscribed to a newsletter, we delete after 3 years or on request also happy.<\/span><br \/><span title=\"Sollten Sie einen Newsletter abonniert haben, wird Ihre eMail Adresse ausschlie\u00dflich f\u00fcr diesen Newsletter verwendet.\">If you have subscribed to a newsletter, your eMail address will be used exclusively for this newsletter.\u00a0<\/span><span title=\"Wir verkaufen keine Daten und geben Daten nur dann an Dritte weiter, wenn das unmittelbar mit der Zweckerf\u00fcllung des Gesch\u00e4fts\/Bestellung zu tun hat (z.B. Zahlungsdienstleister, Versandunternehmen, Server-Logfiles, Cookies). \">We do not sell data and only share data with third parties if this is directly related to the purpose of the business \/ order (for example, payment service providers, shipping companies, server log files, cookies).<\/span><br \/><span title=\"Zu den einzelnen der genannten Punkten gehen wir daher in den weiteren Abschnitten noch n\u00e4her ein.\">For the individual points mentioned above, we will discuss these in more detail in the following sections.<\/span><\/span><\/p><p><span lang=\"en\"><strong><span title=\"Speicherung von Zugriffsdaten in Server-Logfiles \">Storage of access data in server log files<\/span><\/strong><br \/><span title=\"Sie k\u00f6nnen unsere Webseiten besuchen, ohne Angaben zu Ihrer Person zu machen.\">You can visit our website without giving any details about yourself.\u00a0<\/span><span title=\"Wir speichern lediglich Zugriffsdaten in sogenannten Server-Logfiles, wie z.B.\">We only store access data in so-called server log files, e.g.\u00a0<\/span><span title=\"den Namen der angeforderten Datei, Datum und Uhrzeit des Abrufs, \u00fcbertragene Datenmenge und den anfragenden Provider.\">the name of the requested file, the date and time of the retrieval, the amount of data transferred, and the requesting provider.\u00a0<\/span><span title=\"Diese Daten werden ausschlie\u00dflich zur Sicherstellung eines st\u00f6rungsfreien Betriebs der Seite und zur Verbesserung unseres Angebots ausgewertet und erlauben uns keinen R\u00fcckschluss auf Ihre Person.\">These data are evaluated solely to ensure trouble-free operation of the site and to improve our offer and do not allow us to draw your conclusions.<\/span>\u00a0Responsible provider is EcomData Internet Dienstleistungen GmbH (www.ecomdata.de).<\/span><\/p><p><strong><span title=\"Datenerhebung und -verwendung zur Vertragsabwicklung und bei Er\u00f6ffnung eines Kundenkontos \">Data collection and use for contract processing and opening of a customer account<\/span><\/strong><br \/><span title=\"Wir erheben personenbezogene Daten, wenn Sie uns diese im Rahmen Ihrer Bestellung, bei einer Kontaktaufnahme mit uns (z.B. per Kontaktformular oder E-Mail) oder bei Er\u00f6ffnung eines Kundenkontos freiwillig mitteilen.\">We collect personal data if you voluntarily communicate this to us within the scope of your order, by contacting us (for example via a contact form or e-mail) or by opening a customer account.\u00a0<\/span><span title=\"Welche Daten erhoben werden, ist aus den jeweiligen Eingabeformularen ersichtlich.\">Which data are collected is shown in the respective input forms.\u00a0<\/span><span title=\"Wir verwenden die von Ihnen mitgeteilten Daten zur Vertragsabwicklung und Bearbeitung Ihrer Anfragen.\">We use the data you have provided to process the contract and to process your inquiries.\u00a0<\/span><span title=\"Nach vollst\u00e4ndiger Abwicklung des Vertrages oder L\u00f6schung Ihres Kundenkontos werden Ihre Daten f\u00fcr die weitere Verwendung gesperrt und nach Ablauf der steuer- und handelsrechtlichen Aufbewahrungsfristen gel\u00f6scht, sofern Sie nicht ausdr\u00fccklich in eine weitere Nutzung Ihrer Daten eingewilligt haben oder wir uns eine dar\u00fcber hinausgehende Datenverwendung vorbehalten, die\">After completion of the contract or deletion of your customer account, your data will be blocked for further use and will be deleted after expiration of the tax and commercial storage periods provided you have not expressly agreed to any further use of your data or we reserve the right to use additional data\u00a0<\/span><span title=\"gesetzlich erlaubt ist und \u00fcber die wir Sie nachstehend informieren.\">is legally permitted and to which we will inform you below.\u00a0<\/span><span title=\"Die L\u00f6schung Ihres Kundenkontos ist jederzeit m\u00f6glich und kann entweder durch eine Nachricht an die unten beschriebene Kontaktm\u00f6glichkeit oder \u00fcber eine daf\u00fcr vorgesehene Funktion im Kundenkonto erfolgen.\">The deletion of your customer account is possible at any time and can be carried out either by means of a message to the contact option described below or by means of a function provided for this purpose in the customer account.<\/span><\/p><p><span lang=\"en\"><strong><span title=\"Verwendung von Cookies \">Use of cookies<\/span><\/strong><br \/><span title=\"Um den Besuch unserer Website attraktiv zu gestalten und die Nutzung bestimmter Funktionen zu erm\u00f6glichen, verwenden wir auf verschiedenen Seiten sogenannte Cookies.\">In order to make the visit of our website attractive and to enable the use of certain functions, we use so-called cookies on various pages.\u00a0<\/span><span title=\"Hierbei handelt es sich um kleine Textdateien, die auf Ihrem Endger\u00e4t gespeichert werden.\">These are small text files that are stored on your device.\u00a0<\/span><span title=\"Einige der von uns verwendeten Cookies werden nach Ende der Browser-Sitzung, also nach Schlie\u00dfen Ihres Browsers, wieder gel\u00f6scht (sog. Sitzungs-Cookies).\">Some of the cookies we use are deleted after the end of the browser session, ie after closing your browser (so-called session cookies).\u00a0<\/span><span title=\"Andere Cookies verbleiben auf Ihrem Endger\u00e4t und erm\u00f6glichen uns, Ihren Browser beim n\u00e4chsten Besuch wiederzuerkennen (persistente Cookies).\">Other cookies remain on your device and allow us to recognize your browser on the next visit (persistent cookies).\u00a0<\/span><\/span>\u00a0<span id=\"result_box\" lang=\"en\">Cookies that are required to carry out the electronic communication process or to provide certain functions that you wish to use (eg shopping cart function) are processed on the basis of Art. 6 para. 1\u00a0DSGVO saved.<\/span>\u00a0<span lang=\"en\"><span title=\"Sie k\u00f6nnen Ihren Browser so einstellen, dass Sie \u00fcber das Setzen von Cookies informiert werden und einzeln \u00fcber deren Annahme entscheiden oder die Annahme von Cookies f\u00fcr bestimmte F\u00e4lle oder generell ausschlie\u00dfen.\">You can set your browser to inform you about the setting of cookies and decide on their acceptance individually, or to exclude the acceptance of cookies for specific cases or in general.\u00a0<\/span><span title=\"Bei der Nichtannahme von Cookies kann die Funktionalit\u00e4t unserer Website eingeschr\u00e4nkt sein.\">If the cookies are not accepted, the functionality of our website may be restricted.<\/span><\/span><\/p><p><strong><span title=\"Verwendung von Social Plugins von Facebook unter Verwendung der \u201e2-Klick-L\u00f6sung\u201c \">Using social plugins from Facebook using the \u201c2-click solution\u201d<\/span><\/strong><br \/><span title=\"Auf unserer Website werden sogenannte Social Plugins (\u201ePlugins\u201c) des sozialen Netzwerks Facebook verwendet.\">On our website, so-called social plugins (\u201cplugins\u201d) of the social network Facebook are used.\u00a0<\/span><span title=\"Dieser Dienst wird von den Unternehmen Facebook Inc. angeboten (\u201eAnbieter\u201c).\">This service is offered by the company Facebook Inc. (\u201cProvider\u201d).<\/span><\/p><p><span title=\"Facebook wird betrieben von der Facebook Inc., 1601 S. California Ave, Palo Alto, CA 94304, USA (\u201cFacebook\u201d).\">Facebook is operated by Facebook Inc., 1601 S. California Ave, Palo Alto, CA 94304, USA (\u201cFacebook\u201d).\u00a0<\/span><span title=\"Eine \u00dcbersicht \u00fcber die Plugins von Facebook und deren Aussehen finden Sie hier: https:\/\/developers.facebook.com\/docs\/plugins\/\">An overview of the plugins of Facebook and their appearance can be found here: https:\/\/developers.facebook.com\/docs\/plugins\/<\/span><\/p><p><span title=\"Um den Schutz Ihrer Daten beim Besuch unserer Website zu erh\u00f6hen, sind die Plugins mittels sogenannter \u201e2-Klick-L\u00f6sung\u201c in die Seite eingebunden.\">In order to increase the protection of your data when you visit our website, the plugins are integrated into the page using a \u201c2-click solution\u201d.\u00a0<\/span><span title=\"Diese Einbindung gew\u00e4hrleistet, dass beim Aufruf einer Seite unseres Webauftritts, die solche Plugins enth\u00e4lt, noch keine Verbindung mit den Servern von Facebook hergestellt wird.\">This integration ensures that a connection to the servers of Facebook is not established when a page of our website that contains such plugins is accessed.\u00a0<\/span><span title=\"Erst wenn Sie die Plugins aktivieren und damit Ihre Zustimmung zur Daten\u00fcbermittlung erteilen, stellt Ihr Browser ei\">It is only when you activate the plugins and give your consent to the data transmission that your browser is set up<\/span><\/p><\/div><\/div><div id=\"gt-res-tools\"><div id=\"gt-res-tools-l\"><div>\u00a0<\/div><div><span id=\"result_box\" lang=\"en\"><strong>Right to information and contact<\/strong><br \/>You have a right to free information about the data stored in our person (origin, recipient and purpose) and, if necessary, a right to correct, block or delete this data.\u00a0For questions about the collection, processing or use of your personal data, information, correction, blocking or deletion of data and revocation of granted consent or objection to a particular use of data, please contact us directly via the contact details in our imprint.<\/span><\/div><div>\u00a0<\/div><div><span id=\"result_box\" lang=\"en\">Privacy policy created with the Trusted Shops lawyer in cooperation with Wilde Beuger Solmecke lawyers.<\/span><\/div><\/div><\/div>\t\t\t\t\t\t<\/div>\n\t\t\t\t<\/div>\n\t\t\t\t\t<\/div>\n\t\t<\/div>\n\t\t\t\t\t<\/div>\n\t\t<\/section>\n\t\t\t\t<\/div>","protected":false},"excerpt":{"rendered":"<p>Data Protection Data protection\u00a0according to\u00a0DSGVO Privacy PolicyWe appreciate your interest in our website.\u00a0Protecting your privacy is very important to us.\u00a0We will provide you with detailed information on the handling of your data according to the new DSGVO. \u00a0 What exactly do we do with your data?In order to process an order and generate an invoice&nbsp;&#8230;<\/p>","protected":false},"author":1,"featured_media":0,"parent":0,"menu_order":12,"comment_status":"closed","ping_status":"closed","template":"elementor_header_footer","meta":{"footnotes":""},"class_list":["post-157","page","type-page","status-publish","hentry"],"yoast_head":"<!-- This site is optimized with the Yoast SEO plugin v23.7 - https:\/\/yoast.com\/wordpress\/plugins\/seo\/ -->\n<title>Data Protection - Mole Punch<\/title>\n<meta name=\"robots\" content=\"index, follow, max-snippet:-1, max-image-preview:large, max-video-preview:-1\" \/>\n<link rel=\"canonical\" href=\"https:\/\/mole-punch.de\/en\/data-protection\/\" \/>\n<meta property=\"og:locale\" content=\"en_US\" \/>\n<meta property=\"og:type\" content=\"article\" \/>\n<meta property=\"og:title\" content=\"Data Protection - Mole Punch\" \/>\n<meta property=\"og:description\" content=\"Data Protection Data protection\u00a0according to\u00a0DSGVO Privacy PolicyWe appreciate your interest in our website.\u00a0Protecting your privacy is very important to us.\u00a0We will provide you with detailed information on the handling of your data according to the new DSGVO. \u00a0 What exactly do we do with your data?In order to process an order and generate an invoice&nbsp;...\" \/>\n<meta property=\"og:url\" content=\"https:\/\/mole-punch.de\/en\/data-protection\/\" \/>\n<meta property=\"og:site_name\" content=\"Mole Punch\" \/>\n<meta property=\"article:modified_time\" content=\"2021-06-02T22:10:52+00:00\" \/>\n<meta name=\"twitter:card\" content=\"summary_large_image\" \/>\n<meta name=\"twitter:label1\" content=\"Est. reading time\" \/>\n\t<meta name=\"twitter:data1\" content=\"5 minutes\" \/>\n<script type=\"application\/ld+json\" class=\"yoast-schema-graph\">{\"@context\":\"https:\/\/schema.org\",\"@graph\":[{\"@type\":\"WebPage\",\"@id\":\"https:\/\/mole-punch.de\/data-protection\/\",\"url\":\"https:\/\/mole-punch.de\/data-protection\/\",\"name\":\"Data Protection - Mole Punch\",\"isPartOf\":{\"@id\":\"https:\/\/mole-punch.de\/#website\"},\"datePublished\":\"2021-04-11T11:13:06+00:00\",\"dateModified\":\"2021-06-02T22:10:52+00:00\",\"breadcrumb\":{\"@id\":\"https:\/\/mole-punch.de\/data-protection\/#breadcrumb\"},\"inLanguage\":\"en-US\",\"potentialAction\":[{\"@type\":\"ReadAction\",\"target\":[\"https:\/\/mole-punch.de\/data-protection\/\"]}]},{\"@type\":\"BreadcrumbList\",\"@id\":\"https:\/\/mole-punch.de\/data-protection\/#breadcrumb\",\"itemListElement\":[{\"@type\":\"ListItem\",\"position\":1,\"name\":\"Startseite\",\"item\":\"https:\/\/mole-punch.de\/\"},{\"@type\":\"ListItem\",\"position\":2,\"name\":\"Data Protection\"}]},{\"@type\":\"WebSite\",\"@id\":\"https:\/\/mole-punch.de\/#website\",\"url\":\"https:\/\/mole-punch.de\/\",\"name\":\"Mole Punch\",\"description\":\"\",\"publisher\":{\"@id\":\"https:\/\/mole-punch.de\/#organization\"},\"potentialAction\":[{\"@type\":\"SearchAction\",\"target\":{\"@type\":\"EntryPoint\",\"urlTemplate\":\"https:\/\/mole-punch.de\/?s={search_term_string}\"},\"query-input\":{\"@type\":\"PropertyValueSpecification\",\"valueRequired\":true,\"valueName\":\"search_term_string\"}}],\"inLanguage\":\"en-US\"},{\"@type\":\"Organization\",\"@id\":\"https:\/\/mole-punch.de\/#organization\",\"name\":\"Mole Punch\",\"url\":\"https:\/\/mole-punch.de\/\",\"logo\":{\"@type\":\"ImageObject\",\"inLanguage\":\"en-US\",\"@id\":\"https:\/\/mole-punch.de\/#\/schema\/logo\/image\/\",\"url\":\"https:\/\/mole-punch.de\/wp-content\/uploads\/2021\/03\/MOLE-Logo-Bildmarke-RGB.jpg\",\"contentUrl\":\"https:\/\/mole-punch.de\/wp-content\/uploads\/2021\/03\/MOLE-Logo-Bildmarke-RGB.jpg\",\"width\":1077,\"height\":932,\"caption\":\"Mole Punch\"},\"image\":{\"@id\":\"https:\/\/mole-punch.de\/#\/schema\/logo\/image\/\"}}]}<\/script>\n<!-- \/ Yoast SEO plugin. -->","yoast_head_json":{"title":"Data Protection - Mole Punch","robots":{"index":"index","follow":"follow","max-snippet":"max-snippet:-1","max-image-preview":"max-image-preview:large","max-video-preview":"max-video-preview:-1"},"canonical":"https:\/\/mole-punch.de\/en\/data-protection\/","og_locale":"en_US","og_type":"article","og_title":"Data Protection - Mole Punch","og_description":"Data Protection Data protection\u00a0according to\u00a0DSGVO Privacy PolicyWe appreciate your interest in our website.\u00a0Protecting your privacy is very important to us.\u00a0We will provide you with detailed information on the handling of your data according to the new DSGVO. \u00a0 What exactly do we do with your data?In order to process an order and generate an invoice&nbsp;...","og_url":"https:\/\/mole-punch.de\/en\/data-protection\/","og_site_name":"Mole Punch","article_modified_time":"2021-06-02T22:10:52+00:00","twitter_card":"summary_large_image","twitter_misc":{"Est. reading time":"5 minutes"},"schema":{"@context":"https:\/\/schema.org","@graph":[{"@type":"WebPage","@id":"https:\/\/mole-punch.de\/data-protection\/","url":"https:\/\/mole-punch.de\/data-protection\/","name":"Data Protection - Mole Punch","isPartOf":{"@id":"https:\/\/mole-punch.de\/#website"},"datePublished":"2021-04-11T11:13:06+00:00","dateModified":"2021-06-02T22:10:52+00:00","breadcrumb":{"@id":"https:\/\/mole-punch.de\/data-protection\/#breadcrumb"},"inLanguage":"en-US","potentialAction":[{"@type":"ReadAction","target":["https:\/\/mole-punch.de\/data-protection\/"]}]},{"@type":"BreadcrumbList","@id":"https:\/\/mole-punch.de\/data-protection\/#breadcrumb","itemListElement":[{"@type":"ListItem","position":1,"name":"Startseite","item":"https:\/\/mole-punch.de\/"},{"@type":"ListItem","position":2,"name":"Data Protection"}]},{"@type":"WebSite","@id":"https:\/\/mole-punch.de\/#website","url":"https:\/\/mole-punch.de\/","name":"Mole Punch","description":"","publisher":{"@id":"https:\/\/mole-punch.de\/#organization"},"potentialAction":[{"@type":"SearchAction","target":{"@type":"EntryPoint","urlTemplate":"https:\/\/mole-punch.de\/?s={search_term_string}"},"query-input":{"@type":"PropertyValueSpecification","valueRequired":true,"valueName":"search_term_string"}}],"inLanguage":"en-US"},{"@type":"Organization","@id":"https:\/\/mole-punch.de\/#organization","name":"Mole Punch","url":"https:\/\/mole-punch.de\/","logo":{"@type":"ImageObject","inLanguage":"en-US","@id":"https:\/\/mole-punch.de\/#\/schema\/logo\/image\/","url":"https:\/\/mole-punch.de\/wp-content\/uploads\/2021\/03\/MOLE-Logo-Bildmarke-RGB.jpg","contentUrl":"https:\/\/mole-punch.de\/wp-content\/uploads\/2021\/03\/MOLE-Logo-Bildmarke-RGB.jpg","width":1077,"height":932,"caption":"Mole Punch"},"image":{"@id":"https:\/\/mole-punch.de\/#\/schema\/logo\/image\/"}}]}},"_links":{"self":[{"href":"https:\/\/mole-punch.de\/en\/wp-json\/wp\/v2\/pages\/157","targetHints":{"allow":["GET"]}}],"collection":[{"href":"https:\/\/mole-punch.de\/en\/wp-json\/wp\/v2\/pages"}],"about":[{"href":"https:\/\/mole-punch.de\/en\/wp-json\/wp\/v2\/types\/page"}],"author":[{"embeddable":true,"href":"https:\/\/mole-punch.de\/en\/wp-json\/wp\/v2\/users\/1"}],"replies":[{"embeddable":true,"href":"https:\/\/mole-punch.de\/en\/wp-json\/wp\/v2\/comments?post=157"}],"version-history":[{"count":10,"href":"https:\/\/mole-punch.de\/en\/wp-json\/wp\/v2\/pages\/157\/revisions"}],"predecessor-version":[{"id":389,"href":"https:\/\/mole-punch.de\/en\/wp-json\/wp\/v2\/pages\/157\/revisions\/389"}],"wp:attachment":[{"href":"https:\/\/mole-punch.de\/en\/wp-json\/wp\/v2\/media?parent=157"}],"curies":[{"name":"wp","href":"https:\/\/api.w.org\/{rel}","templated":true}]}}